{"id":73,"date":"2016-11-25T16:09:04","date_gmt":"2016-11-25T14:09:04","guid":{"rendered":"http:\/\/gatewaypartners.eu\/?page_id=73"},"modified":"2026-05-01T15:57:31","modified_gmt":"2026-05-01T12:57:31","slug":"kariera","status":"publish","type":"page","link":"https:\/\/gatewaypartners.eu\/pl\/kariera\/","title":{"rendered":"Kariera"},"content":{"rendered":"<p>Gateway &amp; Partners to zesp\u00f3\u0142 pe\u0142nych energii, silnie zmotywowanych i pozytywnie nastawionych os\u00f3b, kt\u00f3rych pasj\u0105 jest handel mi\u0119dzynarodowy. Do\u0142\u0105czaj\u0105c do nas, poznasz mi\u0119dzynarodowy biznes w praktyce i szybko rozwiniesz skrzyd\u0142a jako m\u0142ody ekspert. Zapewniamy wsparcie mentor\u00f3w i regularne sesje informacji zwrotnej (feedback), intensywn\u0105 nauk\u0119 w r\u00f3\u017cnych bran\u017cach i na wielu rynkach oraz indywidualnie dopasowan\u0105 \u015bcie\u017ck\u0119 rozwoju osobistego.<\/p>\n<h3 style=\"text-align: center;\"><strong>Nasze Warto\u015bci<\/strong><\/h3>\n<p><img loading=\"lazy\" decoding=\"async\" class=\"aligncenter wp-image-2475\" src=\"http:\/\/gatewaypartners.eu\/pl\/pl\/wp-content\/uploads\/sites\/14\/2022\/10\/International-community-1-1024x683.png\" alt=\"\" width=\"550\" height=\"367\" srcset=\"https:\/\/gatewaypartners.eu\/pl\/wp-content\/uploads\/sites\/14\/2022\/10\/International-community-1-1024x683.png 1024w, https:\/\/gatewaypartners.eu\/pl\/wp-content\/uploads\/sites\/14\/2022\/10\/International-community-1-300x200.png 300w, https:\/\/gatewaypartners.eu\/pl\/wp-content\/uploads\/sites\/14\/2022\/10\/International-community-1-768x512.png 768w, https:\/\/gatewaypartners.eu\/pl\/wp-content\/uploads\/sites\/14\/2022\/10\/International-community-1-1536x1024.png 1536w, https:\/\/gatewaypartners.eu\/pl\/wp-content\/uploads\/sites\/14\/2022\/10\/International-community-1.png 2048w\" sizes=\"auto, (max-width: 550px) 100vw, 550px\" \/><\/p>\n<p>W Gateway &amp; Partners oferujemy:<\/p>\n<ul>\n<li>Mo\u017cliwo\u015b\u0107 nauki i rozwoju<\/li>\n<li>Szkolenia z zakresu komunikacji biznesowej<\/li>\n<li>\u015awietn\u0105 kaw\u0119 i wsp\u00f3lne wydarzenia firmowe<\/li>\n<li>R\u00f3\u017cnorodny i przyjazny zesp\u00f3\u0142<\/li>\n<li>Codzienn\u0105 dawk\u0119 ciekawych wyzwa\u0144<\/li>\n<\/ul>\n<h3 style=\"text-align: center;\">Dlaczego nasi pracownicy uwielbiaj\u0105 u nas pracowa\u0107?<\/h3>\n<p><img loading=\"lazy\" decoding=\"async\" class=\"aligncenter wp-image-2479\" src=\"http:\/\/gatewaypartners.eu\/pl\/pl\/wp-content\/uploads\/sites\/14\/2022\/10\/Eng-300x200.png\" alt=\"\" width=\"1000\" height=\"667\" srcset=\"https:\/\/gatewaypartners.eu\/pl\/wp-content\/uploads\/sites\/14\/2022\/10\/Eng-300x200.png 300w, https:\/\/gatewaypartners.eu\/pl\/wp-content\/uploads\/sites\/14\/2022\/10\/Eng-1024x683.png 1024w, https:\/\/gatewaypartners.eu\/pl\/wp-content\/uploads\/sites\/14\/2022\/10\/Eng-768x512.png 768w, https:\/\/gatewaypartners.eu\/pl\/wp-content\/uploads\/sites\/14\/2022\/10\/Eng-1536x1024.png 1536w, https:\/\/gatewaypartners.eu\/pl\/wp-content\/uploads\/sites\/14\/2022\/10\/Eng.png 2048w\" sizes=\"auto, (max-width: 1000px) 100vw, 1000px\" \/><\/p>\n<p>&nbsp;<\/p>\n<p>Je\u015bli:<\/p>\n<ul>\n<li>Szukasz pracy w mi\u0119dzynarodowym \u015brodowisku w samym sercu Rygi<\/li>\n<li>Interesujesz si\u0119 biznesem mi\u0119dzynarodowym<\/li>\n<li>Biegle pos\u0142ugujesz si\u0119 j\u0119zykiem angielskim i\/lub innymi j\u0119zykami obcymi<\/li>\n<li>Ciekawi\u0105 Ci\u0119 r\u00f3\u017cne bran\u017ce, rynki i procesy biznesowe<\/li>\n<li>\u0141atwo nawi\u0105zujesz kontakty i czujesz si\u0119 swobodnie w komunikacji<\/li>\n<li>By\u0107 mo\u017ce interesuj\u0105 Ci\u0119 badania rynkowe<\/li>\n<\/ul>\n<p>Do\u0142\u0105cz do naszego zespo\u0142u i pracuj na pe\u0142en lub niepe\u0142ny etat lub jako freelancer!<\/p>\n<h3><strong>Aplikuj teraz<\/strong><\/h3>\n<p>Wy\u015blij swoje CV oraz list motywacyjny na adres:\u00a0<a href=\"mailto:hr@gatewaypartners.eu\"><strong>hr@gatewaypartners.eu<\/strong><\/a><\/p>\n","protected":false},"excerpt":{"rendered":"<p>Je\u015bli interesujesz si\u0119 biznesem mi\u0119dzynarodowym i jeste\u015b gotowy na intensywn\u0105 nauk\u0119, do\u0142\u0105cz do naszego zespo\u0142u!<\/p>\n","protected":false},"author":1,"featured_media":2462,"parent":0,"menu_order":0,"comment_status":"closed","ping_status":"closed","template":"template-careers.php","meta":{"inline_featured_image":false,"footnotes":""},"class_list":["post-73","page","type-page","status-publish","has-post-thumbnail","hentry"],"acf":[],"yoast_head":"<!-- This site is optimized with the Yoast SEO plugin v20.2.1 - https:\/\/yoast.com\/wordpress\/plugins\/seo\/ -->\n<title>Poszerz Swoje Mo\u017cliwo\u015bci Kariery z Nami | Gateway &amp; Partners<\/title>\n<meta name=\"description\" content=\"By joining our team not only learn and experience international trade in action, but also join a dynamic and friendly environment. Ready to work with us?\" \/>\n<meta name=\"robots\" content=\"index, follow, max-snippet:-1, max-image-preview:large, max-video-preview:-1\" \/>\n<link rel=\"canonical\" href=\"https:\/\/gatewaypartners.eu\/pl\/kariera\/\" \/>\n<meta property=\"og:locale\" content=\"pl_PL\" \/>\n<meta property=\"og:type\" content=\"article\" \/>\n<meta property=\"og:title\" content=\"Poszerz Swoje Mo\u017cliwo\u015bci Kariery z Nami | Gateway &amp; Partners\" \/>\n<meta property=\"og:description\" content=\"By joining our team not only learn and experience international trade in action, but also join a dynamic and friendly environment. Ready to work with us?\" \/>\n<meta property=\"og:url\" content=\"https:\/\/gatewaypartners.eu\/pl\/kariera\/\" \/>\n<meta property=\"og:site_name\" content=\"Gateway &amp; Partners\" \/>\n<meta property=\"article:modified_time\" content=\"2026-05-01T12:57:31+00:00\" \/>\n<meta property=\"og:image\" content=\"https:\/\/gatewaypartners.eu\/pl\/wp-content\/uploads\/sites\/14\/2022\/10\/mailchimp-04X1Yp9hNH8-unsplash.jpg\" \/>\n\t<meta property=\"og:image:width\" content=\"2048\" \/>\n\t<meta property=\"og:image:height\" content=\"1365\" \/>\n\t<meta property=\"og:image:type\" content=\"image\/jpeg\" \/>\n<meta name=\"twitter:card\" content=\"summary_large_image\" \/>\n<script type=\"application\/ld+json\" class=\"yoast-schema-graph\">{\"@context\":\"https:\/\/schema.org\",\"@graph\":[{\"@type\":\"WebPage\",\"@id\":\"https:\/\/gatewaypartners.eu\/pl\/kariera\/\",\"url\":\"https:\/\/gatewaypartners.eu\/pl\/kariera\/\",\"name\":\"Poszerz Swoje Mo\u017cliwo\u015bci Kariery z Nami | Gateway & Partners\",\"isPartOf\":{\"@id\":\"https:\/\/gatewaypartners.eu\/pl\/#website\"},\"datePublished\":\"2016-11-25T14:09:04+00:00\",\"dateModified\":\"2026-05-01T12:57:31+00:00\",\"description\":\"By joining our team not only learn and experience international trade in action, but also join a dynamic and friendly environment. Ready to work with us?\",\"inLanguage\":\"pl-PL\",\"potentialAction\":[{\"@type\":\"ReadAction\",\"target\":[\"https:\/\/gatewaypartners.eu\/pl\/kariera\/\"]}]},{\"@type\":\"WebSite\",\"@id\":\"https:\/\/gatewaypartners.eu\/pl\/#website\",\"url\":\"https:\/\/gatewaypartners.eu\/pl\/\",\"name\":\"Gateway &amp; Partners\",\"description\":\"Your Export Powerhouse\",\"potentialAction\":[{\"@type\":\"SearchAction\",\"target\":{\"@type\":\"EntryPoint\",\"urlTemplate\":\"https:\/\/gatewaypartners.eu\/pl\/?s={search_term_string}\"},\"query-input\":\"required name=search_term_string\"}],\"inLanguage\":\"pl-PL\"}]}<\/script>\n<!-- \/ Yoast SEO plugin. -->","yoast_head_json":{"title":"Poszerz Swoje Mo\u017cliwo\u015bci Kariery z Nami | Gateway & Partners","description":"By joining our team not only learn and experience international trade in action, but also join a dynamic and friendly environment. Ready to work with us?","robots":{"index":"index","follow":"follow","max-snippet":"max-snippet:-1","max-image-preview":"max-image-preview:large","max-video-preview":"max-video-preview:-1"},"canonical":"https:\/\/gatewaypartners.eu\/pl\/kariera\/","og_locale":"pl_PL","og_type":"article","og_title":"Poszerz Swoje Mo\u017cliwo\u015bci Kariery z Nami | Gateway & Partners","og_description":"By joining our team not only learn and experience international trade in action, but also join a dynamic and friendly environment. Ready to work with us?","og_url":"https:\/\/gatewaypartners.eu\/pl\/kariera\/","og_site_name":"Gateway &amp; Partners","article_modified_time":"2026-05-01T12:57:31+00:00","og_image":[{"width":2048,"height":1365,"url":"https:\/\/gatewaypartners.eu\/pl\/wp-content\/uploads\/sites\/14\/2022\/10\/mailchimp-04X1Yp9hNH8-unsplash.jpg","type":"image\/jpeg"}],"twitter_card":"summary_large_image","schema":{"@context":"https:\/\/schema.org","@graph":[{"@type":"WebPage","@id":"https:\/\/gatewaypartners.eu\/pl\/kariera\/","url":"https:\/\/gatewaypartners.eu\/pl\/kariera\/","name":"Poszerz Swoje Mo\u017cliwo\u015bci Kariery z Nami | Gateway & Partners","isPartOf":{"@id":"https:\/\/gatewaypartners.eu\/pl\/#website"},"datePublished":"2016-11-25T14:09:04+00:00","dateModified":"2026-05-01T12:57:31+00:00","description":"By joining our team not only learn and experience international trade in action, but also join a dynamic and friendly environment. Ready to work with us?","inLanguage":"pl-PL","potentialAction":[{"@type":"ReadAction","target":["https:\/\/gatewaypartners.eu\/pl\/kariera\/"]}]},{"@type":"WebSite","@id":"https:\/\/gatewaypartners.eu\/pl\/#website","url":"https:\/\/gatewaypartners.eu\/pl\/","name":"Gateway &amp; Partners","description":"Your Export Powerhouse","potentialAction":[{"@type":"SearchAction","target":{"@type":"EntryPoint","urlTemplate":"https:\/\/gatewaypartners.eu\/pl\/?s={search_term_string}"},"query-input":"required name=search_term_string"}],"inLanguage":"pl-PL"}]}},"_links":{"self":[{"href":"https:\/\/gatewaypartners.eu\/pl\/wp-json\/wp\/v2\/pages\/73","targetHints":{"allow":["GET"]}}],"collection":[{"href":"https:\/\/gatewaypartners.eu\/pl\/wp-json\/wp\/v2\/pages"}],"about":[{"href":"https:\/\/gatewaypartners.eu\/pl\/wp-json\/wp\/v2\/types\/page"}],"author":[{"embeddable":true,"href":"https:\/\/gatewaypartners.eu\/pl\/wp-json\/wp\/v2\/users\/1"}],"replies":[{"embeddable":true,"href":"https:\/\/gatewaypartners.eu\/pl\/wp-json\/wp\/v2\/comments?post=73"}],"version-history":[{"count":39,"href":"https:\/\/gatewaypartners.eu\/pl\/wp-json\/wp\/v2\/pages\/73\/revisions"}],"predecessor-version":[{"id":2758,"href":"https:\/\/gatewaypartners.eu\/pl\/wp-json\/wp\/v2\/pages\/73\/revisions\/2758"}],"wp:featuredmedia":[{"embeddable":true,"href":"https:\/\/gatewaypartners.eu\/pl\/wp-json\/wp\/v2\/media\/2462"}],"wp:attachment":[{"href":"https:\/\/gatewaypartners.eu\/pl\/wp-json\/wp\/v2\/media?parent=73"}],"curies":[{"name":"wp","href":"https:\/\/api.w.org\/{rel}","templated":true}]}}