{"id":376,"date":"2017-03-10T17:06:11","date_gmt":"2017-03-10T15:06:11","guid":{"rendered":"http:\/\/gatewaypartners.eu\/ro\/?page_id=376"},"modified":"2022-02-08T14:39:20","modified_gmt":"2022-02-08T11:39:20","slug":"instruire-privind-activitatea-de-export","status":"publish","type":"page","link":"https:\/\/gatewaypartners.eu\/ro\/servicii\/instruire-privind-activitatea-de-export\/","title":{"rendered":"Instruire privind activitatea de Export"},"content":{"rendered":"<h3>Export Masterclass<\/h3>\n<p>Evolu\u021biile de pe pia\u021ba interna\u021bional\u0103 arat\u0103 c\u0103 mediul de afaceri se axeaz\u0103 \u00een principal pe dezvoltarea rela\u021biilor de lung\u0103 durat\u0103 cu clien\u021bii. Programul nostru de Export Masterclass ofer\u0103 toate instrumentele necesare pentru dezvoltarea \u0219i cultivarea rela\u021biilor noi de afaceri. Acest program implic\u0103 de obicei 1-2 zile de formare pentru manageri de v\u00e2nz\u0103ri \u0219i directori. Trainingul poate fi organizat ca un curs deschis sau individual, pentru un singur client.<\/p>\n<p>Programul de Masterclas include unul sau mai multe dintre urm\u0103toarele subiecte:<\/p>\n<ul>\n<li>Planificarea Exportului \u0219i Strategia de Export<\/li>\n<li>Brand de Export \u0219i Marketing<\/li>\n<li>V\u00e2nz\u0103rile la Export \u0219i Rela\u021biile cu Clien\u021bii<\/li>\n<\/ul>\n<h3>Export Academy<\/h3>\n<p class=\"p1\">Programul Export Academy reprezint\u0103 un curs intensiv de studiu de 5 zile, care se adreseaz\u0103 exportatorilor interesa\u021bi s\u0103-\u0219i extind\u0103 afacerile pe plan interna\u021bional. Managerii de export \u0219i directorii de companii vor \u00eenv\u0103\u021ba de la exper\u021bi \u0219i exportatori de succes, vor analiza studii de caz, vor executa sarcini practice \u015fi vor discuta provoc\u0103ri individuale.<\/p>\n<p class=\"p1\">Export Academy trateaz\u0103 urm\u0103toarele subiecte:<\/p>\n<ul>\n<li class=\"p2\">Elaborarea unei strategii coerente de export \u0219i a unui plan<\/li>\n<li class=\"p2\">Cercetare de pia\u021b\u0103 \u0219i analiza propunerii<\/li>\n<li class=\"p2\">Elaborarea brandului de export \u0219i marketing<\/li>\n<li class=\"p2\">Atragerea partenerilor de afaceri \u0219i participarea la \u00eent\u00e2lniri de afaceri<\/li>\n<li class=\"p2\">Dezvoltarea Rela\u021biei cu Clien\u021bii \u0219i negocieri<\/li>\n<li class=\"p2\">Aspectele practice ale exportului \u2013 logistic\u0103, tarife, vama, raporturi juridice \u0219i finan\u021barea exporturilor.<\/li>\n<\/ul>\n<h3>Export Handbook \u2013 Ghidul Exportatorului<\/h3>\n<p>Echipa Gateway &amp; Partners a elaborat un \u0219ir de materiale educa\u021bionale. Ghidul Exportatorului abordeaz\u0103 subiecte esen\u021biale, utile companiilor care au \u00een vizor cre\u0219terea pe plan interna\u021bional. Ghidul Exportatorului descrie toate etapele dezvolt\u0103rii pe pia\u021ba interna\u021bional\u0103.<\/p>\n<p>Versiunea actualizat\u0103 a Ghidului Exportatorului va fi lansat\u0103 \u00een prim\u0103vara anului 2017.<\/p>\n","protected":false},"excerpt":{"rendered":"<p>Export Masterclass<br \/>\nExport Academy<br \/>\nExport Handbook \u2013 Ghidul Exportatorului<\/p>\n","protected":false},"author":3,"featured_media":285,"parent":389,"menu_order":5,"comment_status":"closed","ping_status":"closed","template":"template-service.php","meta":{"inline_featured_image":false,"footnotes":""},"class_list":["post-376","page","type-page","status-publish","has-post-thumbnail","hentry"],"acf":[],"yoast_head":"<!-- This site is optimized with the Yoast SEO plugin v20.2.1 - https:\/\/yoast.com\/wordpress\/plugins\/seo\/ -->\n<title>Instruire privind activitatea de Export - gatewaypartners.eu\/ro<\/title>\n<meta name=\"robots\" content=\"index, follow, max-snippet:-1, max-image-preview:large, max-video-preview:-1\" \/>\n<link rel=\"canonical\" href=\"https:\/\/gatewaypartners.eu\/ro\/servicii\/instruire-privind-activitatea-de-export\/\" \/>\n<meta property=\"og:locale\" content=\"ro_RO\" \/>\n<meta property=\"og:type\" content=\"article\" \/>\n<meta property=\"og:title\" content=\"Instruire privind activitatea de Export - gatewaypartners.eu\/ro\" \/>\n<meta property=\"og:description\" content=\"Export Masterclass Export Academy Export Handbook \u2013 Ghidul Exportatorului\" \/>\n<meta property=\"og:url\" content=\"https:\/\/gatewaypartners.eu\/ro\/servicii\/instruire-privind-activitatea-de-export\/\" \/>\n<meta property=\"og:site_name\" content=\"gatewaypartners.eu\/ro\" \/>\n<meta property=\"article:modified_time\" content=\"2022-02-08T11:39:20+00:00\" \/>\n<meta property=\"og:image\" content=\"https:\/\/gatewaypartners.eu\/ro\/wp-content\/uploads\/sites\/9\/2017\/03\/Export_education-treadmill-1028296.jpg\" \/>\n\t<meta property=\"og:image:width\" content=\"2048\" \/>\n\t<meta property=\"og:image:height\" content=\"1536\" \/>\n\t<meta property=\"og:image:type\" content=\"image\/jpeg\" \/>\n<meta name=\"twitter:card\" content=\"summary_large_image\" \/>\n<script type=\"application\/ld+json\" class=\"yoast-schema-graph\">{\"@context\":\"https:\/\/schema.org\",\"@graph\":[{\"@type\":\"WebPage\",\"@id\":\"https:\/\/gatewaypartners.eu\/ro\/servicii\/instruire-privind-activitatea-de-export\/\",\"url\":\"https:\/\/gatewaypartners.eu\/ro\/servicii\/instruire-privind-activitatea-de-export\/\",\"name\":\"Instruire privind activitatea de Export - gatewaypartners.eu\/ro\",\"isPartOf\":{\"@id\":\"https:\/\/gatewaypartners.eu\/ro\/#website\"},\"datePublished\":\"2017-03-10T15:06:11+00:00\",\"dateModified\":\"2022-02-08T11:39:20+00:00\",\"breadcrumb\":{\"@id\":\"https:\/\/gatewaypartners.eu\/ro\/servicii\/instruire-privind-activitatea-de-export\/#breadcrumb\"},\"inLanguage\":\"ro-RO\",\"potentialAction\":[{\"@type\":\"ReadAction\",\"target\":[\"https:\/\/gatewaypartners.eu\/ro\/servicii\/instruire-privind-activitatea-de-export\/\"]}]},{\"@type\":\"BreadcrumbList\",\"@id\":\"https:\/\/gatewaypartners.eu\/ro\/servicii\/instruire-privind-activitatea-de-export\/#breadcrumb\",\"itemListElement\":[{\"@type\":\"ListItem\",\"position\":1,\"name\":\"Servicii\",\"item\":\"https:\/\/gatewaypartners.eu\/ro\/servicii\/\"},{\"@type\":\"ListItem\",\"position\":2,\"name\":\"Instruire privind activitatea de Export\"}]},{\"@type\":\"WebSite\",\"@id\":\"https:\/\/gatewaypartners.eu\/ro\/#website\",\"url\":\"https:\/\/gatewaypartners.eu\/ro\/\",\"name\":\"gatewaypartners.eu\/ro\",\"description\":\"Punctul t\u0103u de Demarare a Exporturilor.\",\"potentialAction\":[{\"@type\":\"SearchAction\",\"target\":{\"@type\":\"EntryPoint\",\"urlTemplate\":\"https:\/\/gatewaypartners.eu\/ro\/?s={search_term_string}\"},\"query-input\":\"required name=search_term_string\"}],\"inLanguage\":\"ro-RO\"}]}<\/script>\n<!-- \/ Yoast SEO plugin. -->","yoast_head_json":{"title":"Instruire privind activitatea de Export - gatewaypartners.eu\/ro","robots":{"index":"index","follow":"follow","max-snippet":"max-snippet:-1","max-image-preview":"max-image-preview:large","max-video-preview":"max-video-preview:-1"},"canonical":"https:\/\/gatewaypartners.eu\/ro\/servicii\/instruire-privind-activitatea-de-export\/","og_locale":"ro_RO","og_type":"article","og_title":"Instruire privind activitatea de Export - gatewaypartners.eu\/ro","og_description":"Export Masterclass Export Academy Export Handbook \u2013 Ghidul Exportatorului","og_url":"https:\/\/gatewaypartners.eu\/ro\/servicii\/instruire-privind-activitatea-de-export\/","og_site_name":"gatewaypartners.eu\/ro","article_modified_time":"2022-02-08T11:39:20+00:00","og_image":[{"width":2048,"height":1536,"url":"https:\/\/gatewaypartners.eu\/ro\/wp-content\/uploads\/sites\/9\/2017\/03\/Export_education-treadmill-1028296.jpg","type":"image\/jpeg"}],"twitter_card":"summary_large_image","schema":{"@context":"https:\/\/schema.org","@graph":[{"@type":"WebPage","@id":"https:\/\/gatewaypartners.eu\/ro\/servicii\/instruire-privind-activitatea-de-export\/","url":"https:\/\/gatewaypartners.eu\/ro\/servicii\/instruire-privind-activitatea-de-export\/","name":"Instruire privind activitatea de Export - gatewaypartners.eu\/ro","isPartOf":{"@id":"https:\/\/gatewaypartners.eu\/ro\/#website"},"datePublished":"2017-03-10T15:06:11+00:00","dateModified":"2022-02-08T11:39:20+00:00","breadcrumb":{"@id":"https:\/\/gatewaypartners.eu\/ro\/servicii\/instruire-privind-activitatea-de-export\/#breadcrumb"},"inLanguage":"ro-RO","potentialAction":[{"@type":"ReadAction","target":["https:\/\/gatewaypartners.eu\/ro\/servicii\/instruire-privind-activitatea-de-export\/"]}]},{"@type":"BreadcrumbList","@id":"https:\/\/gatewaypartners.eu\/ro\/servicii\/instruire-privind-activitatea-de-export\/#breadcrumb","itemListElement":[{"@type":"ListItem","position":1,"name":"Servicii","item":"https:\/\/gatewaypartners.eu\/ro\/servicii\/"},{"@type":"ListItem","position":2,"name":"Instruire privind activitatea de Export"}]},{"@type":"WebSite","@id":"https:\/\/gatewaypartners.eu\/ro\/#website","url":"https:\/\/gatewaypartners.eu\/ro\/","name":"gatewaypartners.eu\/ro","description":"Punctul t\u0103u de Demarare a Exporturilor.","potentialAction":[{"@type":"SearchAction","target":{"@type":"EntryPoint","urlTemplate":"https:\/\/gatewaypartners.eu\/ro\/?s={search_term_string}"},"query-input":"required name=search_term_string"}],"inLanguage":"ro-RO"}]}},"_links":{"self":[{"href":"https:\/\/gatewaypartners.eu\/ro\/wp-json\/wp\/v2\/pages\/376","targetHints":{"allow":["GET"]}}],"collection":[{"href":"https:\/\/gatewaypartners.eu\/ro\/wp-json\/wp\/v2\/pages"}],"about":[{"href":"https:\/\/gatewaypartners.eu\/ro\/wp-json\/wp\/v2\/types\/page"}],"author":[{"embeddable":true,"href":"https:\/\/gatewaypartners.eu\/ro\/wp-json\/wp\/v2\/users\/3"}],"replies":[{"embeddable":true,"href":"https:\/\/gatewaypartners.eu\/ro\/wp-json\/wp\/v2\/comments?post=376"}],"version-history":[{"count":2,"href":"https:\/\/gatewaypartners.eu\/ro\/wp-json\/wp\/v2\/pages\/376\/revisions"}],"predecessor-version":[{"id":455,"href":"https:\/\/gatewaypartners.eu\/ro\/wp-json\/wp\/v2\/pages\/376\/revisions\/455"}],"up":[{"embeddable":true,"href":"https:\/\/gatewaypartners.eu\/ro\/wp-json\/wp\/v2\/pages\/389"}],"wp:featuredmedia":[{"embeddable":true,"href":"https:\/\/gatewaypartners.eu\/ro\/wp-json\/wp\/v2\/media\/285"}],"wp:attachment":[{"href":"https:\/\/gatewaypartners.eu\/ro\/wp-json\/wp\/v2\/media?parent=376"}],"curies":[{"name":"wp","href":"https:\/\/api.w.org\/{rel}","templated":true}]}}