{"id":378,"date":"2017-03-10T16:06:55","date_gmt":"2017-03-10T14:06:55","guid":{"rendered":"http:\/\/gatewaypartners.eu\/ro\/?page_id=378"},"modified":"2022-02-08T14:39:07","modified_gmt":"2022-02-08T11:39:07","slug":"elaborarea-brandului-de-export-export-brand-development","status":"publish","type":"page","link":"https:\/\/gatewaypartners.eu\/ro\/servicii\/elaborarea-brandului-de-export-export-brand-development\/","title":{"rendered":"Elaborarea Brandului de Export (Export Brand Development)"},"content":{"rendered":"<h3>Elaborarea Brandului<\/h3>\n<p class=\"p1\">Prima impresie conteaz\u0103 \u00een businessul interna\u021bional la fel ca \u00een rela\u021biile dintre oameni. \u00cen momentul \u00een care \u00ee\u0219i doresc s\u0103 creasc\u0103 pe plan interna\u021bional, companiile se confrunt\u0103 uneori cu nevoia unui update al brandului companiei sau chiar a unui brand nou. Echipa noastr\u0103 de exper\u021bi, \u00eempreun\u0103 cu designeri interna\u021bionali, vor preg\u0103ti brand-ul pentru pie\u021bele interna\u021bionale.<\/p>\n<p>Cum ac\u021bion\u0103m:<\/p>\n<ul>\n<li>\n<p class=\"p2\">Efectuarea unui audit de brand \u0219i identificarea elementelor esen\u021biale ale brandului<\/p>\n<\/li>\n<li>\n<p class=\"p2\">Vizualizarea identit\u0103\u021bii brandului \u00een format grafic &#8211; logo, culori, fonturi<\/p>\n<\/li>\n<li>\n<p class=\"p2\">Elaborarea materialelor esen\u021biale de marketing<\/p>\n<\/li>\n<li>\n<p class=\"p2\">Ini\u021bierea membrilor echipei \u00een utilizarea identit\u0103\u021bii corporative<\/p>\n<\/li>\n<\/ul>\n<h3>Designul materialului de marketing<\/h3>\n<p class=\"p1\">Instrumentele de marketing pe care le elabor\u0103m sunt necesare pentru a ac\u021biona cu promptitudine \u00een mediul de afaceri interna\u021bional &#8211; prezentare de v\u00e2nz\u0103ri, site web, bro\u0219ur\u0103 sau portofoliu de produse. Pe l\u00e2ng\u0103 elaborarea kit-ul de marketing, echipa noastr\u0103 va realiza periodic \u0219i designul grafic.<\/p>\n<p class=\"p1\">Cum ac\u021bion\u0103m:<\/p>\n<ul>\n<li class=\"p1\">Cre\u0103m un site web cu con\u021binut dedicat exportului &#8211; design modern \u0219i informa\u021bii relevante<\/li>\n<li class=\"p1\">Cre\u0103m elementele vizuale de marketing &#8211; profil, prezentare v\u00e2nzari, catolog de produse, etc.<\/li>\n<li class=\"p1\">\u00centre\u021binem \u0219i actualiz\u0103m sistematic elementele vizuale de marketing<\/li>\n<\/ul>\n<h3>Asisten\u021b\u0103 T\u00e2rguri Comerciale<\/h3>\n<p class=\"p1\">Expozi\u021biile continu\u0103 s\u0103 adune \u00een acela\u0219i loc parteneri de afaceri interna\u021bionali. Echipa noastr\u0103 de consultan\u021bi \u00een studierea pie\u021belor ofer\u0103 asisten\u021b\u0103 \u00een preg\u0103tirea pentru t\u00e2rguri comerciale interna\u021bionale \u2013 de la proiectarea standului \u0219i elaborarea con\u021binutului vizual p\u00e2n\u0103 la activit\u0103\u021bi de preg\u0103tire pentru t\u00e2rg \u0219i asisten\u021b\u0103 pe durata t\u00e2rgului.<\/p>\n<p class=\"p1\">Cum ac\u021bion\u0103m:<\/p>\n<ul>\n<li class=\"p1\">Proiect\u0103m standul \u0219i preg\u0103tim elementele vizuale &#8211; prezent\u0103ri, bro\u0219uri, mostre \u0219i premii promo\u021bionale.<\/li>\n<li class=\"p1\">Transmitem invita\u021bii la t\u00e2rg actualilor \u0219i noilor clien\u021bi, stabilim \u00eent\u00e2lniri B2B<\/li>\n<li class=\"p1\">Suntem disponibili pe durata t\u00e2rgului &#8211; personal suplimentar pentru v\u00e2nz\u0103rile la stand<\/li>\n<li class=\"p1\">Suport post-expozi\u021bie &#8211; comunicare \u0219i follow up al oportunit\u0103\u021bilor de afaceri<\/li>\n<\/ul>\n","protected":false},"excerpt":{"rendered":"<p>Elaborarea Brandului<br \/>\nDesignul materialului de marketing<br \/>\nAsisten\u021b\u0103 T\u00e2rguri Comerciale<\/p>\n","protected":false},"author":3,"featured_media":302,"parent":389,"menu_order":4,"comment_status":"closed","ping_status":"closed","template":"template-service.php","meta":{"inline_featured_image":false,"footnotes":""},"class_list":["post-378","page","type-page","status-publish","has-post-thumbnail","hentry"],"acf":[],"yoast_head":"<!-- This site is optimized with the Yoast SEO plugin v20.2.1 - https:\/\/yoast.com\/wordpress\/plugins\/seo\/ -->\n<title>Elaborarea Brandului de Export (Export Brand Development) - gatewaypartners.eu\/ro<\/title>\n<meta name=\"robots\" content=\"index, follow, max-snippet:-1, max-image-preview:large, max-video-preview:-1\" \/>\n<link rel=\"canonical\" href=\"https:\/\/gatewaypartners.eu\/ro\/servicii\/elaborarea-brandului-de-export-export-brand-development\/\" \/>\n<meta property=\"og:locale\" content=\"ro_RO\" \/>\n<meta property=\"og:type\" content=\"article\" \/>\n<meta property=\"og:title\" content=\"Elaborarea Brandului de Export (Export Brand Development) - gatewaypartners.eu\/ro\" \/>\n<meta property=\"og:description\" content=\"Elaborarea Brandului Designul materialului de marketing Asisten\u021b\u0103 T\u00e2rguri Comerciale\" \/>\n<meta property=\"og:url\" content=\"https:\/\/gatewaypartners.eu\/ro\/servicii\/elaborarea-brandului-de-export-export-brand-development\/\" \/>\n<meta property=\"og:site_name\" content=\"gatewaypartners.eu\/ro\" \/>\n<meta property=\"article:modified_time\" content=\"2022-02-08T11:39:07+00:00\" \/>\n<meta property=\"og:image\" content=\"https:\/\/gatewaypartners.eu\/ro\/wp-content\/uploads\/sites\/9\/2017\/03\/Market_service-paris-1265956.jpg\" \/>\n\t<meta property=\"og:image:width\" content=\"2048\" \/>\n\t<meta property=\"og:image:height\" content=\"1365\" \/>\n\t<meta property=\"og:image:type\" content=\"image\/jpeg\" \/>\n<meta name=\"twitter:card\" content=\"summary_large_image\" \/>\n<script type=\"application\/ld+json\" class=\"yoast-schema-graph\">{\"@context\":\"https:\/\/schema.org\",\"@graph\":[{\"@type\":\"WebPage\",\"@id\":\"https:\/\/gatewaypartners.eu\/ro\/servicii\/elaborarea-brandului-de-export-export-brand-development\/\",\"url\":\"https:\/\/gatewaypartners.eu\/ro\/servicii\/elaborarea-brandului-de-export-export-brand-development\/\",\"name\":\"Elaborarea Brandului de Export (Export Brand Development) - gatewaypartners.eu\/ro\",\"isPartOf\":{\"@id\":\"https:\/\/gatewaypartners.eu\/ro\/#website\"},\"datePublished\":\"2017-03-10T14:06:55+00:00\",\"dateModified\":\"2022-02-08T11:39:07+00:00\",\"breadcrumb\":{\"@id\":\"https:\/\/gatewaypartners.eu\/ro\/servicii\/elaborarea-brandului-de-export-export-brand-development\/#breadcrumb\"},\"inLanguage\":\"ro-RO\",\"potentialAction\":[{\"@type\":\"ReadAction\",\"target\":[\"https:\/\/gatewaypartners.eu\/ro\/servicii\/elaborarea-brandului-de-export-export-brand-development\/\"]}]},{\"@type\":\"BreadcrumbList\",\"@id\":\"https:\/\/gatewaypartners.eu\/ro\/servicii\/elaborarea-brandului-de-export-export-brand-development\/#breadcrumb\",\"itemListElement\":[{\"@type\":\"ListItem\",\"position\":1,\"name\":\"Servicii\",\"item\":\"https:\/\/gatewaypartners.eu\/ro\/servicii\/\"},{\"@type\":\"ListItem\",\"position\":2,\"name\":\"Elaborarea Brandului de Export (Export Brand Development)\"}]},{\"@type\":\"WebSite\",\"@id\":\"https:\/\/gatewaypartners.eu\/ro\/#website\",\"url\":\"https:\/\/gatewaypartners.eu\/ro\/\",\"name\":\"gatewaypartners.eu\/ro\",\"description\":\"Punctul t\u0103u de Demarare a Exporturilor.\",\"potentialAction\":[{\"@type\":\"SearchAction\",\"target\":{\"@type\":\"EntryPoint\",\"urlTemplate\":\"https:\/\/gatewaypartners.eu\/ro\/?s={search_term_string}\"},\"query-input\":\"required name=search_term_string\"}],\"inLanguage\":\"ro-RO\"}]}<\/script>\n<!-- \/ Yoast SEO plugin. -->","yoast_head_json":{"title":"Elaborarea Brandului de Export (Export Brand Development) - gatewaypartners.eu\/ro","robots":{"index":"index","follow":"follow","max-snippet":"max-snippet:-1","max-image-preview":"max-image-preview:large","max-video-preview":"max-video-preview:-1"},"canonical":"https:\/\/gatewaypartners.eu\/ro\/servicii\/elaborarea-brandului-de-export-export-brand-development\/","og_locale":"ro_RO","og_type":"article","og_title":"Elaborarea Brandului de Export (Export Brand Development) - gatewaypartners.eu\/ro","og_description":"Elaborarea Brandului Designul materialului de marketing Asisten\u021b\u0103 T\u00e2rguri Comerciale","og_url":"https:\/\/gatewaypartners.eu\/ro\/servicii\/elaborarea-brandului-de-export-export-brand-development\/","og_site_name":"gatewaypartners.eu\/ro","article_modified_time":"2022-02-08T11:39:07+00:00","og_image":[{"width":2048,"height":1365,"url":"https:\/\/gatewaypartners.eu\/ro\/wp-content\/uploads\/sites\/9\/2017\/03\/Market_service-paris-1265956.jpg","type":"image\/jpeg"}],"twitter_card":"summary_large_image","schema":{"@context":"https:\/\/schema.org","@graph":[{"@type":"WebPage","@id":"https:\/\/gatewaypartners.eu\/ro\/servicii\/elaborarea-brandului-de-export-export-brand-development\/","url":"https:\/\/gatewaypartners.eu\/ro\/servicii\/elaborarea-brandului-de-export-export-brand-development\/","name":"Elaborarea Brandului de Export (Export Brand Development) - gatewaypartners.eu\/ro","isPartOf":{"@id":"https:\/\/gatewaypartners.eu\/ro\/#website"},"datePublished":"2017-03-10T14:06:55+00:00","dateModified":"2022-02-08T11:39:07+00:00","breadcrumb":{"@id":"https:\/\/gatewaypartners.eu\/ro\/servicii\/elaborarea-brandului-de-export-export-brand-development\/#breadcrumb"},"inLanguage":"ro-RO","potentialAction":[{"@type":"ReadAction","target":["https:\/\/gatewaypartners.eu\/ro\/servicii\/elaborarea-brandului-de-export-export-brand-development\/"]}]},{"@type":"BreadcrumbList","@id":"https:\/\/gatewaypartners.eu\/ro\/servicii\/elaborarea-brandului-de-export-export-brand-development\/#breadcrumb","itemListElement":[{"@type":"ListItem","position":1,"name":"Servicii","item":"https:\/\/gatewaypartners.eu\/ro\/servicii\/"},{"@type":"ListItem","position":2,"name":"Elaborarea Brandului de Export (Export Brand Development)"}]},{"@type":"WebSite","@id":"https:\/\/gatewaypartners.eu\/ro\/#website","url":"https:\/\/gatewaypartners.eu\/ro\/","name":"gatewaypartners.eu\/ro","description":"Punctul t\u0103u de Demarare a Exporturilor.","potentialAction":[{"@type":"SearchAction","target":{"@type":"EntryPoint","urlTemplate":"https:\/\/gatewaypartners.eu\/ro\/?s={search_term_string}"},"query-input":"required name=search_term_string"}],"inLanguage":"ro-RO"}]}},"_links":{"self":[{"href":"https:\/\/gatewaypartners.eu\/ro\/wp-json\/wp\/v2\/pages\/378","targetHints":{"allow":["GET"]}}],"collection":[{"href":"https:\/\/gatewaypartners.eu\/ro\/wp-json\/wp\/v2\/pages"}],"about":[{"href":"https:\/\/gatewaypartners.eu\/ro\/wp-json\/wp\/v2\/types\/page"}],"author":[{"embeddable":true,"href":"https:\/\/gatewaypartners.eu\/ro\/wp-json\/wp\/v2\/users\/3"}],"replies":[{"embeddable":true,"href":"https:\/\/gatewaypartners.eu\/ro\/wp-json\/wp\/v2\/comments?post=378"}],"version-history":[{"count":2,"href":"https:\/\/gatewaypartners.eu\/ro\/wp-json\/wp\/v2\/pages\/378\/revisions"}],"predecessor-version":[{"id":380,"href":"https:\/\/gatewaypartners.eu\/ro\/wp-json\/wp\/v2\/pages\/378\/revisions\/380"}],"up":[{"embeddable":true,"href":"https:\/\/gatewaypartners.eu\/ro\/wp-json\/wp\/v2\/pages\/389"}],"wp:featuredmedia":[{"embeddable":true,"href":"https:\/\/gatewaypartners.eu\/ro\/wp-json\/wp\/v2\/media\/302"}],"wp:attachment":[{"href":"https:\/\/gatewaypartners.eu\/ro\/wp-json\/wp\/v2\/media?parent=378"}],"curies":[{"name":"wp","href":"https:\/\/api.w.org\/{rel}","templated":true}]}}