{"id":381,"date":"2017-03-10T17:05:01","date_gmt":"2017-03-10T15:05:01","guid":{"rendered":"http:\/\/gatewaypartners.eu\/ro\/?page_id=381"},"modified":"2022-02-08T14:38:55","modified_gmt":"2022-02-08T11:38:55","slug":"atragerea-investitiilor","status":"publish","type":"page","link":"https:\/\/gatewaypartners.eu\/ro\/servicii\/atragerea-investitiilor\/","title":{"rendered":"Atragerea investi\u021biilor"},"content":{"rendered":"<h3>Studii de Fezabilitate<\/h3>\n<p class=\"p1\"><span class=\"s1\">Prima etap\u0103 \u00een procesul de atragere a investitorilor include o analiz\u0103 a domeniului de investi\u021bie. Scopul analizei este de a identifica avantajele competitive, beneficiile economice ale investi\u021biilor, dar \u0219i regiunea sau industriile din care ar putea proveni investitorii. La etapa a doua vom elabora oferta de investi\u021bie pentru a pune bazele unui proces de atragere a investi\u021biilor lipsit de impedimente.<\/span><\/p>\n<p>Cum ac\u021bion\u0103m:<\/p>\n<ul>\n<li>\n<p class=\"p1\">Colect\u0103m informa\u021bii relevante cu privire la investi\u021bie cu scopul de a identifica avantajele competitive<\/p>\n<\/li>\n<li>\n<p class=\"p1\">Efectu\u0103m analiza cost-beneficiu a investi\u021biei plus previziuni<\/p>\n<\/li>\n<li>\n<p class=\"p1\">\u00centocmim profilul investitorului \u2013 industrie, regiune, m\u0103rime, segment de activitate<\/p>\n<\/li>\n<li>\n<p class=\"p1\">Preg\u0103tirea materialului pentru Elaborarea Ofertei de Investi\u021bie<\/p>\n<\/li>\n<\/ul>\n<h3>Elaborarea Ofertei de Investi\u021bie<\/h3>\n<p class=\"p1\">\u00cen scopul atragerii poten\u021bialilor investitori, este important\u0103 elaborarea unei propuneri atractive care s\u0103 st\u00e2rneasc\u0103 interesul clientului \u00een prim\u0103 instan\u021b\u0103 \u0219i, \u00een acela\u0219i timp, s\u0103 precizeze <span class=\"s1\">poten\u021bialul <\/span>de afaceri <span class=\"s1\">al investi\u021biei<\/span>.<\/p>\n<p class=\"p1\">Cum ac\u021bion\u0103m:<\/p>\n<ul>\n<li class=\"p2\">Colect\u0103m toate informa\u021biile de fond necesare<\/li>\n<li class=\"p2\">Calcul\u0103m toate implica\u021biile financiare<\/li>\n<li class=\"p2\">Preg\u0103tim oferta de investi\u021bie<\/li>\n<\/ul>\n<h3>Atragerea Investi\u021biilor<\/h3>\n<p class=\"p1\">Atragerea investi\u021biilor se afl\u0103 \u00een topul agendei organiza\u021biilor de stat, a municipalit\u0103\u021bilor \u0219i a entit\u0103\u021bilor private. Serviciul nostru de atragere a investi\u021biilor va include analiza ofertei de investi\u021bie, identificarea profilului investitorului \u0219i al \u021b\u0103rilor, prezentarea ofertei poten\u021bialilor investitori \u0219i asisten\u021ba \u00een negocieri.<\/p>\n<p class=\"p1\">Cum ac\u021bion\u0103m:<\/p>\n<ul>\n<li class=\"p2\">Analiz\u0103m oferta de investi\u021bie, efectu\u0103m analiza de fezabilitate, elabor\u0103m oferta de investi\u021bie<\/li>\n<li class=\"p2\">Identific\u0103m poten\u021biali investitori \u2013 industrii, m\u0103rime, profil, \u021bar\u0103<\/li>\n<li class=\"p2\">Comunic\u0103m \u0219i prezent\u0103m oferta investitorilor poten\u021biali<\/li>\n<li class=\"p2\">Stabilim \u00eent\u00e2lniri \u00eentre ofertant \u0219i investitor poten\u021bial<\/li>\n<li class=\"p2\">Organiz\u0103m deplas\u0103ri ale investitorilor la loca\u021bia investi\u021biei<\/li>\n<li class=\"p2\">Follow up \u0219i intermedierea lead-urilor de investi\u021bii<\/li>\n<\/ul>\n","protected":false},"excerpt":{"rendered":"<p>Studii de Fezabilitate<br \/>\nElaborarea Ofertei de Investi\u021bie<br \/>\nAtragerea Investi\u021biilor<\/p>\n","protected":false},"author":3,"featured_media":287,"parent":389,"menu_order":3,"comment_status":"closed","ping_status":"closed","template":"template-service.php","meta":{"inline_featured_image":false,"footnotes":""},"class_list":["post-381","page","type-page","status-publish","has-post-thumbnail","hentry"],"acf":[],"yoast_head":"<!-- This site is optimized with the Yoast SEO plugin v20.2.1 - https:\/\/yoast.com\/wordpress\/plugins\/seo\/ -->\n<title>Atragerea investi\u021biilor - gatewaypartners.eu\/ro<\/title>\n<meta name=\"robots\" content=\"index, follow, max-snippet:-1, max-image-preview:large, max-video-preview:-1\" \/>\n<link rel=\"canonical\" href=\"https:\/\/gatewaypartners.eu\/ro\/servicii\/atragerea-investitiilor\/\" \/>\n<meta property=\"og:locale\" content=\"ro_RO\" \/>\n<meta property=\"og:type\" content=\"article\" \/>\n<meta property=\"og:title\" content=\"Atragerea investi\u021biilor - gatewaypartners.eu\/ro\" \/>\n<meta property=\"og:description\" content=\"Studii de Fezabilitate Elaborarea Ofertei de Investi\u021bie Atragerea Investi\u021biilor\" \/>\n<meta property=\"og:url\" content=\"https:\/\/gatewaypartners.eu\/ro\/servicii\/atragerea-investitiilor\/\" \/>\n<meta property=\"og:site_name\" content=\"gatewaypartners.eu\/ro\" \/>\n<meta property=\"article:modified_time\" content=\"2022-02-08T11:38:55+00:00\" \/>\n<meta property=\"og:image\" content=\"https:\/\/gatewaypartners.eu\/ro\/wp-content\/uploads\/sites\/9\/2017\/03\/Investment_attraction-train-1747216.jpg\" \/>\n\t<meta property=\"og:image:width\" content=\"2048\" \/>\n\t<meta property=\"og:image:height\" content=\"1153\" \/>\n\t<meta property=\"og:image:type\" content=\"image\/jpeg\" \/>\n<meta name=\"twitter:card\" content=\"summary_large_image\" \/>\n<script type=\"application\/ld+json\" class=\"yoast-schema-graph\">{\"@context\":\"https:\/\/schema.org\",\"@graph\":[{\"@type\":\"WebPage\",\"@id\":\"https:\/\/gatewaypartners.eu\/ro\/servicii\/atragerea-investitiilor\/\",\"url\":\"https:\/\/gatewaypartners.eu\/ro\/servicii\/atragerea-investitiilor\/\",\"name\":\"Atragerea investi\u021biilor - gatewaypartners.eu\/ro\",\"isPartOf\":{\"@id\":\"https:\/\/gatewaypartners.eu\/ro\/#website\"},\"datePublished\":\"2017-03-10T15:05:01+00:00\",\"dateModified\":\"2022-02-08T11:38:55+00:00\",\"breadcrumb\":{\"@id\":\"https:\/\/gatewaypartners.eu\/ro\/servicii\/atragerea-investitiilor\/#breadcrumb\"},\"inLanguage\":\"ro-RO\",\"potentialAction\":[{\"@type\":\"ReadAction\",\"target\":[\"https:\/\/gatewaypartners.eu\/ro\/servicii\/atragerea-investitiilor\/\"]}]},{\"@type\":\"BreadcrumbList\",\"@id\":\"https:\/\/gatewaypartners.eu\/ro\/servicii\/atragerea-investitiilor\/#breadcrumb\",\"itemListElement\":[{\"@type\":\"ListItem\",\"position\":1,\"name\":\"Servicii\",\"item\":\"https:\/\/gatewaypartners.eu\/ro\/servicii\/\"},{\"@type\":\"ListItem\",\"position\":2,\"name\":\"Atragerea investi\u021biilor\"}]},{\"@type\":\"WebSite\",\"@id\":\"https:\/\/gatewaypartners.eu\/ro\/#website\",\"url\":\"https:\/\/gatewaypartners.eu\/ro\/\",\"name\":\"gatewaypartners.eu\/ro\",\"description\":\"Punctul t\u0103u de Demarare a Exporturilor.\",\"potentialAction\":[{\"@type\":\"SearchAction\",\"target\":{\"@type\":\"EntryPoint\",\"urlTemplate\":\"https:\/\/gatewaypartners.eu\/ro\/?s={search_term_string}\"},\"query-input\":\"required name=search_term_string\"}],\"inLanguage\":\"ro-RO\"}]}<\/script>\n<!-- \/ Yoast SEO plugin. -->","yoast_head_json":{"title":"Atragerea investi\u021biilor - gatewaypartners.eu\/ro","robots":{"index":"index","follow":"follow","max-snippet":"max-snippet:-1","max-image-preview":"max-image-preview:large","max-video-preview":"max-video-preview:-1"},"canonical":"https:\/\/gatewaypartners.eu\/ro\/servicii\/atragerea-investitiilor\/","og_locale":"ro_RO","og_type":"article","og_title":"Atragerea investi\u021biilor - gatewaypartners.eu\/ro","og_description":"Studii de Fezabilitate Elaborarea Ofertei de Investi\u021bie Atragerea Investi\u021biilor","og_url":"https:\/\/gatewaypartners.eu\/ro\/servicii\/atragerea-investitiilor\/","og_site_name":"gatewaypartners.eu\/ro","article_modified_time":"2022-02-08T11:38:55+00:00","og_image":[{"width":2048,"height":1153,"url":"https:\/\/gatewaypartners.eu\/ro\/wp-content\/uploads\/sites\/9\/2017\/03\/Investment_attraction-train-1747216.jpg","type":"image\/jpeg"}],"twitter_card":"summary_large_image","schema":{"@context":"https:\/\/schema.org","@graph":[{"@type":"WebPage","@id":"https:\/\/gatewaypartners.eu\/ro\/servicii\/atragerea-investitiilor\/","url":"https:\/\/gatewaypartners.eu\/ro\/servicii\/atragerea-investitiilor\/","name":"Atragerea investi\u021biilor - gatewaypartners.eu\/ro","isPartOf":{"@id":"https:\/\/gatewaypartners.eu\/ro\/#website"},"datePublished":"2017-03-10T15:05:01+00:00","dateModified":"2022-02-08T11:38:55+00:00","breadcrumb":{"@id":"https:\/\/gatewaypartners.eu\/ro\/servicii\/atragerea-investitiilor\/#breadcrumb"},"inLanguage":"ro-RO","potentialAction":[{"@type":"ReadAction","target":["https:\/\/gatewaypartners.eu\/ro\/servicii\/atragerea-investitiilor\/"]}]},{"@type":"BreadcrumbList","@id":"https:\/\/gatewaypartners.eu\/ro\/servicii\/atragerea-investitiilor\/#breadcrumb","itemListElement":[{"@type":"ListItem","position":1,"name":"Servicii","item":"https:\/\/gatewaypartners.eu\/ro\/servicii\/"},{"@type":"ListItem","position":2,"name":"Atragerea investi\u021biilor"}]},{"@type":"WebSite","@id":"https:\/\/gatewaypartners.eu\/ro\/#website","url":"https:\/\/gatewaypartners.eu\/ro\/","name":"gatewaypartners.eu\/ro","description":"Punctul t\u0103u de Demarare a Exporturilor.","potentialAction":[{"@type":"SearchAction","target":{"@type":"EntryPoint","urlTemplate":"https:\/\/gatewaypartners.eu\/ro\/?s={search_term_string}"},"query-input":"required name=search_term_string"}],"inLanguage":"ro-RO"}]}},"_links":{"self":[{"href":"https:\/\/gatewaypartners.eu\/ro\/wp-json\/wp\/v2\/pages\/381","targetHints":{"allow":["GET"]}}],"collection":[{"href":"https:\/\/gatewaypartners.eu\/ro\/wp-json\/wp\/v2\/pages"}],"about":[{"href":"https:\/\/gatewaypartners.eu\/ro\/wp-json\/wp\/v2\/types\/page"}],"author":[{"embeddable":true,"href":"https:\/\/gatewaypartners.eu\/ro\/wp-json\/wp\/v2\/users\/3"}],"replies":[{"embeddable":true,"href":"https:\/\/gatewaypartners.eu\/ro\/wp-json\/wp\/v2\/comments?post=381"}],"version-history":[{"count":1,"href":"https:\/\/gatewaypartners.eu\/ro\/wp-json\/wp\/v2\/pages\/381\/revisions"}],"predecessor-version":[{"id":382,"href":"https:\/\/gatewaypartners.eu\/ro\/wp-json\/wp\/v2\/pages\/381\/revisions\/382"}],"up":[{"embeddable":true,"href":"https:\/\/gatewaypartners.eu\/ro\/wp-json\/wp\/v2\/pages\/389"}],"wp:featuredmedia":[{"embeddable":true,"href":"https:\/\/gatewaypartners.eu\/ro\/wp-json\/wp\/v2\/media\/287"}],"wp:attachment":[{"href":"https:\/\/gatewaypartners.eu\/ro\/wp-json\/wp\/v2\/media?parent=381"}],"curies":[{"name":"wp","href":"https:\/\/api.w.org\/{rel}","templated":true}]}}