{"id":386,"date":"2017-03-10T17:51:28","date_gmt":"2017-03-10T15:51:28","guid":{"rendered":"http:\/\/gatewaypartners.eu\/ro\/?page_id=386"},"modified":"2022-03-10T17:27:11","modified_gmt":"2022-03-10T14:27:11","slug":"export-intelligence","status":"publish","type":"page","link":"https:\/\/gatewaypartners.eu\/ro\/servicii\/export-intelligence\/","title":{"rendered":"Managementul exporturilor \u0219i v\u00e2nz\u0103rilor"},"content":{"rendered":"<h3>Atragerea Partenerilor de V\u00e2nz\u0103ri<\/h3>\n<p class=\"p1\">Prezent\u0103m compania Dvs. partenerilor poten\u021biali din pie\u021bele \u021bint\u0103, identific\u0103m oportunit\u0103\u021bi de v\u00e2nzare \u0219i stabilim \u00eent\u00e2lniri \u00een vederea \u00eencheierii unui act de v\u00e2nzare.<\/p>\n<p>Cum ac\u021bion\u0103m:<\/p>\n<ul>\n<li>\n<p class=\"p1\">Identific\u0103m canale de v\u00e2nzare favorabile<\/p>\n<\/li>\n<li>\n<p class=\"p1\">Prezent\u0103m produsul Dvs. poten\u021bialilor parteneri \u0219i clien\u021bi din pia\u021ba \u021bint\u0103<\/p>\n<\/li>\n<li>\n<p class=\"p1\">Stabilim \u00eentrevederi cu parteneri \u0219i clien\u021bi poten\u021biali pentru a explora oportunit\u0103\u021bile de v\u00e2nzare<\/p>\n<\/li>\n<li>\n<p class=\"p1\">Asigur\u0103m toate aranjamentele practice pentru o vizit\u0103 reu\u0219it\u0103<\/p>\n<\/li>\n<\/ul>\n<h3>Evenimente de identificare partneri (B2B Matchmaking events)<\/h3>\n<p class=\"p1\">Organiz\u0103m evenimente matchmaking pentru grupuri de companii interesate s\u0103 ini\u021bieze noi parteneriate \u00een domeniul comer\u021bului extern.<\/p>\n<p class=\"p1\">Cum ac\u021bion\u0103m:<\/p>\n<ul>\n<li>\n<p class=\"p1\">Organiz\u0103m evenimente B2B matchmaking <span class=\"s1\">a <\/span>pentru grupuri de companii<\/p>\n<\/li>\n<li>\n<p class=\"p1\">Stabilim \u00eent\u00e2lniri individuale ale participan\u021bilor pentru identificarea oportunit\u0103\u021bilor de v\u00e2nzare<\/p>\n<\/li>\n<li>\n<p class=\"p1\">Organiz\u0103m seminare sau vizite de studiu \u00een pia\u021ba \u021bint\u0103<\/p>\n<\/li>\n<li>\n<p class=\"p1\">Asigur\u0103m toate aranjamentele practice pentru o vizit\u0103 reu\u0219it\u0103<\/p>\n<\/li>\n<\/ul>\n<h3>Export Management<\/h3>\n<p class=\"p1\">Pe durata serviciului de export management vom ac\u021biona \u00een calitate de manager de v\u00e2nz\u0103ri la export.<\/p>\n<p class=\"p1\">Cum ac\u021bion\u0103m:<\/p>\n<ul>\n<li class=\"p1\">Lucr\u0103m asupra <span class=\"s1\">y<\/span>v\u00e2nz\u0103rilor la export \u00een mod continuu<\/li>\n<li class=\"p1\">Ne asum\u0103m dezvoltarea rela\u021biilor cu clien\u021bii, inclusiv responsabilitatea pentru comunicare \u0219i negocieri privind condi\u021biile de pre\u021b \u0219i livrare<\/li>\n<li class=\"p1\">Cre\u0103m \u00eempreun\u0103 noi produse pentru pie\u021bele de export<\/li>\n<\/ul>\n","protected":false},"excerpt":{"rendered":"<p>Atragerea Partenerilor de V\u00e2nz\u0103ri<br \/>\nEvenimente de identificare partneri (B2B Matchmaking events)<br \/>\nExport Management<\/p>\n","protected":false},"author":3,"featured_media":321,"parent":389,"menu_order":1,"comment_status":"closed","ping_status":"closed","template":"template-service.php","meta":{"inline_featured_image":false,"footnotes":""},"class_list":["post-386","page","type-page","status-publish","has-post-thumbnail","hentry"],"acf":[],"yoast_head":"<!-- This site is optimized with the Yoast SEO plugin v20.2.1 - https:\/\/yoast.com\/wordpress\/plugins\/seo\/ -->\n<title>Managementul exporturilor \u0219i v\u00e2nz\u0103rilor - gatewaypartners.eu\/ro<\/title>\n<meta name=\"robots\" content=\"index, follow, max-snippet:-1, max-image-preview:large, max-video-preview:-1\" \/>\n<link rel=\"canonical\" href=\"https:\/\/gatewaypartners.eu\/ro\/servicii\/export-intelligence\/\" \/>\n<meta property=\"og:locale\" content=\"ro_RO\" \/>\n<meta property=\"og:type\" content=\"article\" \/>\n<meta property=\"og:title\" content=\"Managementul exporturilor \u0219i v\u00e2nz\u0103rilor - gatewaypartners.eu\/ro\" \/>\n<meta property=\"og:description\" content=\"Atragerea Partenerilor de V\u00e2nz\u0103ri Evenimente de identificare partneri (B2B Matchmaking events) Export Management\" \/>\n<meta property=\"og:url\" content=\"https:\/\/gatewaypartners.eu\/ro\/servicii\/export-intelligence\/\" \/>\n<meta property=\"og:site_name\" content=\"gatewaypartners.eu\/ro\" \/>\n<meta property=\"article:modified_time\" content=\"2022-03-10T14:27:11+00:00\" \/>\n<meta property=\"og:image\" content=\"https:\/\/gatewaypartners.eu\/ro\/wp-content\/uploads\/sites\/9\/2017\/03\/About-osaka-98351.jpg\" \/>\n\t<meta property=\"og:image:width\" content=\"2048\" \/>\n\t<meta property=\"og:image:height\" content=\"1152\" \/>\n\t<meta property=\"og:image:type\" content=\"image\/jpeg\" \/>\n<meta name=\"twitter:card\" content=\"summary_large_image\" \/>\n<script type=\"application\/ld+json\" class=\"yoast-schema-graph\">{\"@context\":\"https:\/\/schema.org\",\"@graph\":[{\"@type\":\"WebPage\",\"@id\":\"https:\/\/gatewaypartners.eu\/ro\/servicii\/export-intelligence\/\",\"url\":\"https:\/\/gatewaypartners.eu\/ro\/servicii\/export-intelligence\/\",\"name\":\"Managementul exporturilor \u0219i v\u00e2nz\u0103rilor - gatewaypartners.eu\/ro\",\"isPartOf\":{\"@id\":\"https:\/\/gatewaypartners.eu\/ro\/#website\"},\"datePublished\":\"2017-03-10T15:51:28+00:00\",\"dateModified\":\"2022-03-10T14:27:11+00:00\",\"breadcrumb\":{\"@id\":\"https:\/\/gatewaypartners.eu\/ro\/servicii\/export-intelligence\/#breadcrumb\"},\"inLanguage\":\"ro-RO\",\"potentialAction\":[{\"@type\":\"ReadAction\",\"target\":[\"https:\/\/gatewaypartners.eu\/ro\/servicii\/export-intelligence\/\"]}]},{\"@type\":\"BreadcrumbList\",\"@id\":\"https:\/\/gatewaypartners.eu\/ro\/servicii\/export-intelligence\/#breadcrumb\",\"itemListElement\":[{\"@type\":\"ListItem\",\"position\":1,\"name\":\"Servicii\",\"item\":\"https:\/\/gatewaypartners.eu\/ro\/servicii\/\"},{\"@type\":\"ListItem\",\"position\":2,\"name\":\"Managementul exporturilor \u0219i v\u00e2nz\u0103rilor\"}]},{\"@type\":\"WebSite\",\"@id\":\"https:\/\/gatewaypartners.eu\/ro\/#website\",\"url\":\"https:\/\/gatewaypartners.eu\/ro\/\",\"name\":\"gatewaypartners.eu\/ro\",\"description\":\"Punctul t\u0103u de Demarare a Exporturilor.\",\"potentialAction\":[{\"@type\":\"SearchAction\",\"target\":{\"@type\":\"EntryPoint\",\"urlTemplate\":\"https:\/\/gatewaypartners.eu\/ro\/?s={search_term_string}\"},\"query-input\":\"required name=search_term_string\"}],\"inLanguage\":\"ro-RO\"}]}<\/script>\n<!-- \/ Yoast SEO plugin. -->","yoast_head_json":{"title":"Managementul exporturilor \u0219i v\u00e2nz\u0103rilor - gatewaypartners.eu\/ro","robots":{"index":"index","follow":"follow","max-snippet":"max-snippet:-1","max-image-preview":"max-image-preview:large","max-video-preview":"max-video-preview:-1"},"canonical":"https:\/\/gatewaypartners.eu\/ro\/servicii\/export-intelligence\/","og_locale":"ro_RO","og_type":"article","og_title":"Managementul exporturilor \u0219i v\u00e2nz\u0103rilor - gatewaypartners.eu\/ro","og_description":"Atragerea Partenerilor de V\u00e2nz\u0103ri Evenimente de identificare partneri (B2B Matchmaking events) Export Management","og_url":"https:\/\/gatewaypartners.eu\/ro\/servicii\/export-intelligence\/","og_site_name":"gatewaypartners.eu\/ro","article_modified_time":"2022-03-10T14:27:11+00:00","og_image":[{"width":2048,"height":1152,"url":"https:\/\/gatewaypartners.eu\/ro\/wp-content\/uploads\/sites\/9\/2017\/03\/About-osaka-98351.jpg","type":"image\/jpeg"}],"twitter_card":"summary_large_image","schema":{"@context":"https:\/\/schema.org","@graph":[{"@type":"WebPage","@id":"https:\/\/gatewaypartners.eu\/ro\/servicii\/export-intelligence\/","url":"https:\/\/gatewaypartners.eu\/ro\/servicii\/export-intelligence\/","name":"Managementul exporturilor \u0219i v\u00e2nz\u0103rilor - gatewaypartners.eu\/ro","isPartOf":{"@id":"https:\/\/gatewaypartners.eu\/ro\/#website"},"datePublished":"2017-03-10T15:51:28+00:00","dateModified":"2022-03-10T14:27:11+00:00","breadcrumb":{"@id":"https:\/\/gatewaypartners.eu\/ro\/servicii\/export-intelligence\/#breadcrumb"},"inLanguage":"ro-RO","potentialAction":[{"@type":"ReadAction","target":["https:\/\/gatewaypartners.eu\/ro\/servicii\/export-intelligence\/"]}]},{"@type":"BreadcrumbList","@id":"https:\/\/gatewaypartners.eu\/ro\/servicii\/export-intelligence\/#breadcrumb","itemListElement":[{"@type":"ListItem","position":1,"name":"Servicii","item":"https:\/\/gatewaypartners.eu\/ro\/servicii\/"},{"@type":"ListItem","position":2,"name":"Managementul exporturilor \u0219i v\u00e2nz\u0103rilor"}]},{"@type":"WebSite","@id":"https:\/\/gatewaypartners.eu\/ro\/#website","url":"https:\/\/gatewaypartners.eu\/ro\/","name":"gatewaypartners.eu\/ro","description":"Punctul t\u0103u de Demarare a Exporturilor.","potentialAction":[{"@type":"SearchAction","target":{"@type":"EntryPoint","urlTemplate":"https:\/\/gatewaypartners.eu\/ro\/?s={search_term_string}"},"query-input":"required name=search_term_string"}],"inLanguage":"ro-RO"}]}},"_links":{"self":[{"href":"https:\/\/gatewaypartners.eu\/ro\/wp-json\/wp\/v2\/pages\/386","targetHints":{"allow":["GET"]}}],"collection":[{"href":"https:\/\/gatewaypartners.eu\/ro\/wp-json\/wp\/v2\/pages"}],"about":[{"href":"https:\/\/gatewaypartners.eu\/ro\/wp-json\/wp\/v2\/types\/page"}],"author":[{"embeddable":true,"href":"https:\/\/gatewaypartners.eu\/ro\/wp-json\/wp\/v2\/users\/3"}],"replies":[{"embeddable":true,"href":"https:\/\/gatewaypartners.eu\/ro\/wp-json\/wp\/v2\/comments?post=386"}],"version-history":[{"count":4,"href":"https:\/\/gatewaypartners.eu\/ro\/wp-json\/wp\/v2\/pages\/386\/revisions"}],"predecessor-version":[{"id":864,"href":"https:\/\/gatewaypartners.eu\/ro\/wp-json\/wp\/v2\/pages\/386\/revisions\/864"}],"up":[{"embeddable":true,"href":"https:\/\/gatewaypartners.eu\/ro\/wp-json\/wp\/v2\/pages\/389"}],"wp:featuredmedia":[{"embeddable":true,"href":"https:\/\/gatewaypartners.eu\/ro\/wp-json\/wp\/v2\/media\/321"}],"wp:attachment":[{"href":"https:\/\/gatewaypartners.eu\/ro\/wp-json\/wp\/v2\/media?parent=386"}],"curies":[{"name":"wp","href":"https:\/\/api.w.org\/{rel}","templated":true}]}}