{"id":391,"date":"2017-03-13T11:55:44","date_gmt":"2017-03-13T09:55:44","guid":{"rendered":"http:\/\/gatewaypartners.eu\/ro\/?page_id=391"},"modified":"2022-02-08T14:44:33","modified_gmt":"2022-02-08T11:44:33","slug":"design-lifestyle-si-imbracaminte","status":"publish","type":"page","link":"https:\/\/gatewaypartners.eu\/ro\/industrii\/design-lifestyle-si-imbracaminte\/","title":{"rendered":"Design, Lifestyle \u0219i \u00cembr\u0103c\u0103minte"},"content":{"rendered":"","protected":false},"excerpt":{"rendered":"<p>Companiile creative sunt adesea \u00eentreprinderi mici preocupate s\u0103 creeze produse minunate. Echipa noastr\u0103 asist\u0103 cu pl\u0103cere aceste companii \u00een cre\u0219terea v\u00e2nz\u0103rilor pe plan interna\u021bional \u0219i, \u00een acest fel, s\u0103 prezinte lumii noi lucruri frumoase!<\/p>\n","protected":false},"author":3,"featured_media":271,"parent":410,"menu_order":9,"comment_status":"closed","ping_status":"closed","template":"template-industry.php","meta":{"inline_featured_image":false,"footnotes":""},"class_list":["post-391","page","type-page","status-publish","has-post-thumbnail","hentry"],"acf":[],"yoast_head":"<!-- This site is optimized with the Yoast SEO plugin v20.2.1 - https:\/\/yoast.com\/wordpress\/plugins\/seo\/ -->\n<title>Design, Lifestyle \u0219i \u00cembr\u0103c\u0103minte - gatewaypartners.eu\/ro<\/title>\n<meta name=\"robots\" content=\"index, follow, max-snippet:-1, max-image-preview:large, max-video-preview:-1\" \/>\n<link rel=\"canonical\" href=\"https:\/\/gatewaypartners.eu\/ro\/industrii\/design-lifestyle-si-imbracaminte\/\" \/>\n<meta property=\"og:locale\" content=\"ro_RO\" \/>\n<meta property=\"og:type\" content=\"article\" \/>\n<meta property=\"og:title\" content=\"Design, Lifestyle \u0219i \u00cembr\u0103c\u0103minte - gatewaypartners.eu\/ro\" \/>\n<meta property=\"og:description\" content=\"Companiile creative sunt adesea \u00eentreprinderi mici preocupate s\u0103 creeze produse minunate. Echipa noastr\u0103 asist\u0103 cu pl\u0103cere aceste companii \u00een cre\u0219terea v\u00e2nz\u0103rilor pe plan interna\u021bional \u0219i, \u00een acest fel, s\u0103 prezinte lumii noi lucruri frumoase!\" \/>\n<meta property=\"og:url\" content=\"https:\/\/gatewaypartners.eu\/ro\/industrii\/design-lifestyle-si-imbracaminte\/\" \/>\n<meta property=\"og:site_name\" content=\"gatewaypartners.eu\/ro\" \/>\n<meta property=\"article:modified_time\" content=\"2022-02-08T11:44:33+00:00\" \/>\n<meta property=\"og:image\" content=\"https:\/\/gatewaypartners.eu\/ro\/wp-content\/uploads\/sites\/9\/2017\/03\/Design-thread-931889_1920.jpg\" \/>\n\t<meta property=\"og:image:width\" content=\"1920\" \/>\n\t<meta property=\"og:image:height\" content=\"1439\" \/>\n\t<meta property=\"og:image:type\" content=\"image\/jpeg\" \/>\n<meta name=\"twitter:card\" content=\"summary_large_image\" \/>\n<script type=\"application\/ld+json\" class=\"yoast-schema-graph\">{\"@context\":\"https:\/\/schema.org\",\"@graph\":[{\"@type\":\"WebPage\",\"@id\":\"https:\/\/gatewaypartners.eu\/ro\/industrii\/design-lifestyle-si-imbracaminte\/\",\"url\":\"https:\/\/gatewaypartners.eu\/ro\/industrii\/design-lifestyle-si-imbracaminte\/\",\"name\":\"Design, Lifestyle \u0219i \u00cembr\u0103c\u0103minte - gatewaypartners.eu\/ro\",\"isPartOf\":{\"@id\":\"https:\/\/gatewaypartners.eu\/ro\/#website\"},\"datePublished\":\"2017-03-13T09:55:44+00:00\",\"dateModified\":\"2022-02-08T11:44:33+00:00\",\"breadcrumb\":{\"@id\":\"https:\/\/gatewaypartners.eu\/ro\/industrii\/design-lifestyle-si-imbracaminte\/#breadcrumb\"},\"inLanguage\":\"ro-RO\",\"potentialAction\":[{\"@type\":\"ReadAction\",\"target\":[\"https:\/\/gatewaypartners.eu\/ro\/industrii\/design-lifestyle-si-imbracaminte\/\"]}]},{\"@type\":\"BreadcrumbList\",\"@id\":\"https:\/\/gatewaypartners.eu\/ro\/industrii\/design-lifestyle-si-imbracaminte\/#breadcrumb\",\"itemListElement\":[{\"@type\":\"ListItem\",\"position\":1,\"name\":\"Industrii\",\"item\":\"https:\/\/gatewaypartners.eu\/ro\/industrii\/\"},{\"@type\":\"ListItem\",\"position\":2,\"name\":\"Design, Lifestyle \u0219i \u00cembr\u0103c\u0103minte\"}]},{\"@type\":\"WebSite\",\"@id\":\"https:\/\/gatewaypartners.eu\/ro\/#website\",\"url\":\"https:\/\/gatewaypartners.eu\/ro\/\",\"name\":\"gatewaypartners.eu\/ro\",\"description\":\"Punctul t\u0103u de Demarare a Exporturilor.\",\"potentialAction\":[{\"@type\":\"SearchAction\",\"target\":{\"@type\":\"EntryPoint\",\"urlTemplate\":\"https:\/\/gatewaypartners.eu\/ro\/?s={search_term_string}\"},\"query-input\":\"required name=search_term_string\"}],\"inLanguage\":\"ro-RO\"}]}<\/script>\n<!-- \/ Yoast SEO plugin. -->","yoast_head_json":{"title":"Design, Lifestyle \u0219i \u00cembr\u0103c\u0103minte - gatewaypartners.eu\/ro","robots":{"index":"index","follow":"follow","max-snippet":"max-snippet:-1","max-image-preview":"max-image-preview:large","max-video-preview":"max-video-preview:-1"},"canonical":"https:\/\/gatewaypartners.eu\/ro\/industrii\/design-lifestyle-si-imbracaminte\/","og_locale":"ro_RO","og_type":"article","og_title":"Design, Lifestyle \u0219i \u00cembr\u0103c\u0103minte - gatewaypartners.eu\/ro","og_description":"Companiile creative sunt adesea \u00eentreprinderi mici preocupate s\u0103 creeze produse minunate. Echipa noastr\u0103 asist\u0103 cu pl\u0103cere aceste companii \u00een cre\u0219terea v\u00e2nz\u0103rilor pe plan interna\u021bional \u0219i, \u00een acest fel, s\u0103 prezinte lumii noi lucruri frumoase!","og_url":"https:\/\/gatewaypartners.eu\/ro\/industrii\/design-lifestyle-si-imbracaminte\/","og_site_name":"gatewaypartners.eu\/ro","article_modified_time":"2022-02-08T11:44:33+00:00","og_image":[{"width":1920,"height":1439,"url":"https:\/\/gatewaypartners.eu\/ro\/wp-content\/uploads\/sites\/9\/2017\/03\/Design-thread-931889_1920.jpg","type":"image\/jpeg"}],"twitter_card":"summary_large_image","schema":{"@context":"https:\/\/schema.org","@graph":[{"@type":"WebPage","@id":"https:\/\/gatewaypartners.eu\/ro\/industrii\/design-lifestyle-si-imbracaminte\/","url":"https:\/\/gatewaypartners.eu\/ro\/industrii\/design-lifestyle-si-imbracaminte\/","name":"Design, Lifestyle \u0219i \u00cembr\u0103c\u0103minte - gatewaypartners.eu\/ro","isPartOf":{"@id":"https:\/\/gatewaypartners.eu\/ro\/#website"},"datePublished":"2017-03-13T09:55:44+00:00","dateModified":"2022-02-08T11:44:33+00:00","breadcrumb":{"@id":"https:\/\/gatewaypartners.eu\/ro\/industrii\/design-lifestyle-si-imbracaminte\/#breadcrumb"},"inLanguage":"ro-RO","potentialAction":[{"@type":"ReadAction","target":["https:\/\/gatewaypartners.eu\/ro\/industrii\/design-lifestyle-si-imbracaminte\/"]}]},{"@type":"BreadcrumbList","@id":"https:\/\/gatewaypartners.eu\/ro\/industrii\/design-lifestyle-si-imbracaminte\/#breadcrumb","itemListElement":[{"@type":"ListItem","position":1,"name":"Industrii","item":"https:\/\/gatewaypartners.eu\/ro\/industrii\/"},{"@type":"ListItem","position":2,"name":"Design, Lifestyle \u0219i \u00cembr\u0103c\u0103minte"}]},{"@type":"WebSite","@id":"https:\/\/gatewaypartners.eu\/ro\/#website","url":"https:\/\/gatewaypartners.eu\/ro\/","name":"gatewaypartners.eu\/ro","description":"Punctul t\u0103u de Demarare a Exporturilor.","potentialAction":[{"@type":"SearchAction","target":{"@type":"EntryPoint","urlTemplate":"https:\/\/gatewaypartners.eu\/ro\/?s={search_term_string}"},"query-input":"required name=search_term_string"}],"inLanguage":"ro-RO"}]}},"_links":{"self":[{"href":"https:\/\/gatewaypartners.eu\/ro\/wp-json\/wp\/v2\/pages\/391","targetHints":{"allow":["GET"]}}],"collection":[{"href":"https:\/\/gatewaypartners.eu\/ro\/wp-json\/wp\/v2\/pages"}],"about":[{"href":"https:\/\/gatewaypartners.eu\/ro\/wp-json\/wp\/v2\/types\/page"}],"author":[{"embeddable":true,"href":"https:\/\/gatewaypartners.eu\/ro\/wp-json\/wp\/v2\/users\/3"}],"replies":[{"embeddable":true,"href":"https:\/\/gatewaypartners.eu\/ro\/wp-json\/wp\/v2\/comments?post=391"}],"version-history":[{"count":2,"href":"https:\/\/gatewaypartners.eu\/ro\/wp-json\/wp\/v2\/pages\/391\/revisions"}],"predecessor-version":[{"id":568,"href":"https:\/\/gatewaypartners.eu\/ro\/wp-json\/wp\/v2\/pages\/391\/revisions\/568"}],"up":[{"embeddable":true,"href":"https:\/\/gatewaypartners.eu\/ro\/wp-json\/wp\/v2\/pages\/410"}],"wp:featuredmedia":[{"embeddable":true,"href":"https:\/\/gatewaypartners.eu\/ro\/wp-json\/wp\/v2\/media\/271"}],"wp:attachment":[{"href":"https:\/\/gatewaypartners.eu\/ro\/wp-json\/wp\/v2\/media?parent=391"}],"curies":[{"name":"wp","href":"https:\/\/api.w.org\/{rel}","templated":true}]}}