{"id":395,"date":"2017-03-13T12:08:33","date_gmt":"2017-03-13T10:08:33","guid":{"rendered":"http:\/\/gatewaypartners.eu\/ro\/?page_id=395"},"modified":"2022-02-08T14:44:01","modified_gmt":"2022-02-08T11:44:01","slug":"ambalare-si-imprimare","status":"publish","type":"page","link":"https:\/\/gatewaypartners.eu\/ro\/industrii\/ambalare-si-imprimare\/","title":{"rendered":"Ambalare \u0219i Imprimare"},"content":{"rendered":"","protected":false},"excerpt":{"rendered":"<p>Un volum al consumului \u00een continu\u0103 cre\u0219tere \u00eenseamn\u0103 un num\u0103r mai mare de ambalaje! Am organizat peste 300 de \u00eent\u00e2lniri de v\u00e2nz\u0103ri pentru clien\u021bii no\u0219tri din sectorul Ambalare \u0219i Imprimare de pe pie\u021bele europene.<\/p>\n","protected":false},"author":3,"featured_media":309,"parent":410,"menu_order":7,"comment_status":"closed","ping_status":"closed","template":"template-industry.php","meta":{"inline_featured_image":false,"footnotes":""},"class_list":["post-395","page","type-page","status-publish","has-post-thumbnail","hentry"],"acf":[],"yoast_head":"<!-- This site is optimized with the Yoast SEO plugin v20.2.1 - https:\/\/yoast.com\/wordpress\/plugins\/seo\/ -->\n<title>Ambalare \u0219i Imprimare - gatewaypartners.eu\/ro<\/title>\n<meta name=\"robots\" content=\"index, follow, max-snippet:-1, max-image-preview:large, max-video-preview:-1\" \/>\n<link rel=\"canonical\" href=\"https:\/\/gatewaypartners.eu\/ro\/industrii\/ambalare-si-imprimare\/\" \/>\n<meta property=\"og:locale\" content=\"ro_RO\" \/>\n<meta property=\"og:type\" content=\"article\" \/>\n<meta property=\"og:title\" content=\"Ambalare \u0219i Imprimare - gatewaypartners.eu\/ro\" \/>\n<meta property=\"og:description\" content=\"Un volum al consumului \u00een continu\u0103 cre\u0219tere \u00eenseamn\u0103 un num\u0103r mai mare de ambalaje! Am organizat peste 300 de \u00eent\u00e2lniri de v\u00e2nz\u0103ri pentru clien\u021bii no\u0219tri din sectorul Ambalare \u0219i Imprimare de pe pie\u021bele europene.\" \/>\n<meta property=\"og:url\" content=\"https:\/\/gatewaypartners.eu\/ro\/industrii\/ambalare-si-imprimare\/\" \/>\n<meta property=\"og:site_name\" content=\"gatewaypartners.eu\/ro\" \/>\n<meta property=\"article:modified_time\" content=\"2022-02-08T11:44:01+00:00\" \/>\n<meta property=\"og:image\" content=\"https:\/\/gatewaypartners.eu\/ro\/wp-content\/uploads\/sites\/9\/2017\/03\/Packaging-toner-581905.jpg\" \/>\n\t<meta property=\"og:image:width\" content=\"2048\" \/>\n\t<meta property=\"og:image:height\" content=\"1536\" \/>\n\t<meta property=\"og:image:type\" content=\"image\/jpeg\" \/>\n<meta name=\"twitter:card\" content=\"summary_large_image\" \/>\n<script type=\"application\/ld+json\" class=\"yoast-schema-graph\">{\"@context\":\"https:\/\/schema.org\",\"@graph\":[{\"@type\":\"WebPage\",\"@id\":\"https:\/\/gatewaypartners.eu\/ro\/industrii\/ambalare-si-imprimare\/\",\"url\":\"https:\/\/gatewaypartners.eu\/ro\/industrii\/ambalare-si-imprimare\/\",\"name\":\"Ambalare \u0219i Imprimare - gatewaypartners.eu\/ro\",\"isPartOf\":{\"@id\":\"https:\/\/gatewaypartners.eu\/ro\/#website\"},\"datePublished\":\"2017-03-13T10:08:33+00:00\",\"dateModified\":\"2022-02-08T11:44:01+00:00\",\"breadcrumb\":{\"@id\":\"https:\/\/gatewaypartners.eu\/ro\/industrii\/ambalare-si-imprimare\/#breadcrumb\"},\"inLanguage\":\"ro-RO\",\"potentialAction\":[{\"@type\":\"ReadAction\",\"target\":[\"https:\/\/gatewaypartners.eu\/ro\/industrii\/ambalare-si-imprimare\/\"]}]},{\"@type\":\"BreadcrumbList\",\"@id\":\"https:\/\/gatewaypartners.eu\/ro\/industrii\/ambalare-si-imprimare\/#breadcrumb\",\"itemListElement\":[{\"@type\":\"ListItem\",\"position\":1,\"name\":\"Industrii\",\"item\":\"https:\/\/gatewaypartners.eu\/ro\/industrii\/\"},{\"@type\":\"ListItem\",\"position\":2,\"name\":\"Ambalare \u0219i Imprimare\"}]},{\"@type\":\"WebSite\",\"@id\":\"https:\/\/gatewaypartners.eu\/ro\/#website\",\"url\":\"https:\/\/gatewaypartners.eu\/ro\/\",\"name\":\"gatewaypartners.eu\/ro\",\"description\":\"Punctul t\u0103u de Demarare a Exporturilor.\",\"potentialAction\":[{\"@type\":\"SearchAction\",\"target\":{\"@type\":\"EntryPoint\",\"urlTemplate\":\"https:\/\/gatewaypartners.eu\/ro\/?s={search_term_string}\"},\"query-input\":\"required name=search_term_string\"}],\"inLanguage\":\"ro-RO\"}]}<\/script>\n<!-- \/ Yoast SEO plugin. -->","yoast_head_json":{"title":"Ambalare \u0219i Imprimare - gatewaypartners.eu\/ro","robots":{"index":"index","follow":"follow","max-snippet":"max-snippet:-1","max-image-preview":"max-image-preview:large","max-video-preview":"max-video-preview:-1"},"canonical":"https:\/\/gatewaypartners.eu\/ro\/industrii\/ambalare-si-imprimare\/","og_locale":"ro_RO","og_type":"article","og_title":"Ambalare \u0219i Imprimare - gatewaypartners.eu\/ro","og_description":"Un volum al consumului \u00een continu\u0103 cre\u0219tere \u00eenseamn\u0103 un num\u0103r mai mare de ambalaje! Am organizat peste 300 de \u00eent\u00e2lniri de v\u00e2nz\u0103ri pentru clien\u021bii no\u0219tri din sectorul Ambalare \u0219i Imprimare de pe pie\u021bele europene.","og_url":"https:\/\/gatewaypartners.eu\/ro\/industrii\/ambalare-si-imprimare\/","og_site_name":"gatewaypartners.eu\/ro","article_modified_time":"2022-02-08T11:44:01+00:00","og_image":[{"width":2048,"height":1536,"url":"https:\/\/gatewaypartners.eu\/ro\/wp-content\/uploads\/sites\/9\/2017\/03\/Packaging-toner-581905.jpg","type":"image\/jpeg"}],"twitter_card":"summary_large_image","schema":{"@context":"https:\/\/schema.org","@graph":[{"@type":"WebPage","@id":"https:\/\/gatewaypartners.eu\/ro\/industrii\/ambalare-si-imprimare\/","url":"https:\/\/gatewaypartners.eu\/ro\/industrii\/ambalare-si-imprimare\/","name":"Ambalare \u0219i Imprimare - gatewaypartners.eu\/ro","isPartOf":{"@id":"https:\/\/gatewaypartners.eu\/ro\/#website"},"datePublished":"2017-03-13T10:08:33+00:00","dateModified":"2022-02-08T11:44:01+00:00","breadcrumb":{"@id":"https:\/\/gatewaypartners.eu\/ro\/industrii\/ambalare-si-imprimare\/#breadcrumb"},"inLanguage":"ro-RO","potentialAction":[{"@type":"ReadAction","target":["https:\/\/gatewaypartners.eu\/ro\/industrii\/ambalare-si-imprimare\/"]}]},{"@type":"BreadcrumbList","@id":"https:\/\/gatewaypartners.eu\/ro\/industrii\/ambalare-si-imprimare\/#breadcrumb","itemListElement":[{"@type":"ListItem","position":1,"name":"Industrii","item":"https:\/\/gatewaypartners.eu\/ro\/industrii\/"},{"@type":"ListItem","position":2,"name":"Ambalare \u0219i Imprimare"}]},{"@type":"WebSite","@id":"https:\/\/gatewaypartners.eu\/ro\/#website","url":"https:\/\/gatewaypartners.eu\/ro\/","name":"gatewaypartners.eu\/ro","description":"Punctul t\u0103u de Demarare a Exporturilor.","potentialAction":[{"@type":"SearchAction","target":{"@type":"EntryPoint","urlTemplate":"https:\/\/gatewaypartners.eu\/ro\/?s={search_term_string}"},"query-input":"required name=search_term_string"}],"inLanguage":"ro-RO"}]}},"_links":{"self":[{"href":"https:\/\/gatewaypartners.eu\/ro\/wp-json\/wp\/v2\/pages\/395","targetHints":{"allow":["GET"]}}],"collection":[{"href":"https:\/\/gatewaypartners.eu\/ro\/wp-json\/wp\/v2\/pages"}],"about":[{"href":"https:\/\/gatewaypartners.eu\/ro\/wp-json\/wp\/v2\/types\/page"}],"author":[{"embeddable":true,"href":"https:\/\/gatewaypartners.eu\/ro\/wp-json\/wp\/v2\/users\/3"}],"replies":[{"embeddable":true,"href":"https:\/\/gatewaypartners.eu\/ro\/wp-json\/wp\/v2\/comments?post=395"}],"version-history":[{"count":2,"href":"https:\/\/gatewaypartners.eu\/ro\/wp-json\/wp\/v2\/pages\/395\/revisions"}],"predecessor-version":[{"id":566,"href":"https:\/\/gatewaypartners.eu\/ro\/wp-json\/wp\/v2\/pages\/395\/revisions\/566"}],"up":[{"embeddable":true,"href":"https:\/\/gatewaypartners.eu\/ro\/wp-json\/wp\/v2\/pages\/410"}],"wp:featuredmedia":[{"embeddable":true,"href":"https:\/\/gatewaypartners.eu\/ro\/wp-json\/wp\/v2\/media\/309"}],"wp:attachment":[{"href":"https:\/\/gatewaypartners.eu\/ro\/wp-json\/wp\/v2\/media?parent=395"}],"curies":[{"name":"wp","href":"https:\/\/api.w.org\/{rel}","templated":true}]}}