{"id":399,"date":"2017-03-13T13:31:36","date_gmt":"2017-03-13T11:31:36","guid":{"rendered":"http:\/\/gatewaypartners.eu\/ro\/?page_id=399"},"modified":"2022-02-08T14:43:22","modified_gmt":"2022-02-08T11:43:22","slug":"industria-electronica-si-automatizare","status":"publish","type":"page","link":"https:\/\/gatewaypartners.eu\/ro\/industrii\/industria-electronica-si-automatizare\/","title":{"rendered":"Industria Electronic\u0103 \u0219i Automatizare"},"content":{"rendered":"","protected":false},"excerpt":{"rendered":"<p>Cu c\u00e2t este mai avansat \u0219i mai inovator produsul, cu at\u00e2t mai bine! Echipa noastr\u0103 este preg\u0103tit\u0103 s\u0103 studieze orice aspect al acestuia pentru o prezentare reu\u0219it\u0103 \u00een fa\u021ba poten\u021bialilor clien\u021bi din orice segment de pia\u021b\u0103.<\/p>\n","protected":false},"author":3,"featured_media":283,"parent":410,"menu_order":5,"comment_status":"closed","ping_status":"closed","template":"template-industry.php","meta":{"inline_featured_image":false,"footnotes":""},"class_list":["post-399","page","type-page","status-publish","has-post-thumbnail","hentry"],"acf":[],"yoast_head":"<!-- This site is optimized with the Yoast SEO plugin v20.2.1 - https:\/\/yoast.com\/wordpress\/plugins\/seo\/ -->\n<title>Industria Electronic\u0103 \u0219i Automatizare - gatewaypartners.eu\/ro<\/title>\n<meta name=\"robots\" content=\"index, follow, max-snippet:-1, max-image-preview:large, max-video-preview:-1\" \/>\n<link rel=\"canonical\" href=\"https:\/\/gatewaypartners.eu\/ro\/industrii\/industria-electronica-si-automatizare\/\" \/>\n<meta property=\"og:locale\" content=\"ro_RO\" \/>\n<meta property=\"og:type\" content=\"article\" \/>\n<meta property=\"og:title\" content=\"Industria Electronic\u0103 \u0219i Automatizare - gatewaypartners.eu\/ro\" \/>\n<meta property=\"og:description\" content=\"Cu c\u00e2t este mai avansat \u0219i mai inovator produsul, cu at\u00e2t mai bine! Echipa noastr\u0103 este preg\u0103tit\u0103 s\u0103 studieze orice aspect al acestuia pentru o prezentare reu\u0219it\u0103 \u00een fa\u021ba poten\u021bialilor clien\u021bi din orice segment de pia\u021b\u0103.\" \/>\n<meta property=\"og:url\" content=\"https:\/\/gatewaypartners.eu\/ro\/industrii\/industria-electronica-si-automatizare\/\" \/>\n<meta property=\"og:site_name\" content=\"gatewaypartners.eu\/ro\" \/>\n<meta property=\"article:modified_time\" content=\"2022-02-08T11:43:22+00:00\" \/>\n<meta property=\"og:image\" content=\"https:\/\/gatewaypartners.eu\/ro\/wp-content\/uploads\/sites\/9\/2017\/03\/Electronic-service-428538.jpg\" \/>\n\t<meta property=\"og:image:width\" content=\"2000\" \/>\n\t<meta property=\"og:image:height\" content=\"1324\" \/>\n\t<meta property=\"og:image:type\" content=\"image\/jpeg\" \/>\n<meta name=\"twitter:card\" content=\"summary_large_image\" \/>\n<script type=\"application\/ld+json\" class=\"yoast-schema-graph\">{\"@context\":\"https:\/\/schema.org\",\"@graph\":[{\"@type\":\"WebPage\",\"@id\":\"https:\/\/gatewaypartners.eu\/ro\/industrii\/industria-electronica-si-automatizare\/\",\"url\":\"https:\/\/gatewaypartners.eu\/ro\/industrii\/industria-electronica-si-automatizare\/\",\"name\":\"Industria Electronic\u0103 \u0219i Automatizare - gatewaypartners.eu\/ro\",\"isPartOf\":{\"@id\":\"https:\/\/gatewaypartners.eu\/ro\/#website\"},\"datePublished\":\"2017-03-13T11:31:36+00:00\",\"dateModified\":\"2022-02-08T11:43:22+00:00\",\"breadcrumb\":{\"@id\":\"https:\/\/gatewaypartners.eu\/ro\/industrii\/industria-electronica-si-automatizare\/#breadcrumb\"},\"inLanguage\":\"ro-RO\",\"potentialAction\":[{\"@type\":\"ReadAction\",\"target\":[\"https:\/\/gatewaypartners.eu\/ro\/industrii\/industria-electronica-si-automatizare\/\"]}]},{\"@type\":\"BreadcrumbList\",\"@id\":\"https:\/\/gatewaypartners.eu\/ro\/industrii\/industria-electronica-si-automatizare\/#breadcrumb\",\"itemListElement\":[{\"@type\":\"ListItem\",\"position\":1,\"name\":\"Industrii\",\"item\":\"https:\/\/gatewaypartners.eu\/ro\/industrii\/\"},{\"@type\":\"ListItem\",\"position\":2,\"name\":\"Industria Electronic\u0103 \u0219i Automatizare\"}]},{\"@type\":\"WebSite\",\"@id\":\"https:\/\/gatewaypartners.eu\/ro\/#website\",\"url\":\"https:\/\/gatewaypartners.eu\/ro\/\",\"name\":\"gatewaypartners.eu\/ro\",\"description\":\"Punctul t\u0103u de Demarare a Exporturilor.\",\"potentialAction\":[{\"@type\":\"SearchAction\",\"target\":{\"@type\":\"EntryPoint\",\"urlTemplate\":\"https:\/\/gatewaypartners.eu\/ro\/?s={search_term_string}\"},\"query-input\":\"required name=search_term_string\"}],\"inLanguage\":\"ro-RO\"}]}<\/script>\n<!-- \/ Yoast SEO plugin. -->","yoast_head_json":{"title":"Industria Electronic\u0103 \u0219i Automatizare - gatewaypartners.eu\/ro","robots":{"index":"index","follow":"follow","max-snippet":"max-snippet:-1","max-image-preview":"max-image-preview:large","max-video-preview":"max-video-preview:-1"},"canonical":"https:\/\/gatewaypartners.eu\/ro\/industrii\/industria-electronica-si-automatizare\/","og_locale":"ro_RO","og_type":"article","og_title":"Industria Electronic\u0103 \u0219i Automatizare - gatewaypartners.eu\/ro","og_description":"Cu c\u00e2t este mai avansat \u0219i mai inovator produsul, cu at\u00e2t mai bine! Echipa noastr\u0103 este preg\u0103tit\u0103 s\u0103 studieze orice aspect al acestuia pentru o prezentare reu\u0219it\u0103 \u00een fa\u021ba poten\u021bialilor clien\u021bi din orice segment de pia\u021b\u0103.","og_url":"https:\/\/gatewaypartners.eu\/ro\/industrii\/industria-electronica-si-automatizare\/","og_site_name":"gatewaypartners.eu\/ro","article_modified_time":"2022-02-08T11:43:22+00:00","og_image":[{"width":2000,"height":1324,"url":"https:\/\/gatewaypartners.eu\/ro\/wp-content\/uploads\/sites\/9\/2017\/03\/Electronic-service-428538.jpg","type":"image\/jpeg"}],"twitter_card":"summary_large_image","schema":{"@context":"https:\/\/schema.org","@graph":[{"@type":"WebPage","@id":"https:\/\/gatewaypartners.eu\/ro\/industrii\/industria-electronica-si-automatizare\/","url":"https:\/\/gatewaypartners.eu\/ro\/industrii\/industria-electronica-si-automatizare\/","name":"Industria Electronic\u0103 \u0219i Automatizare - gatewaypartners.eu\/ro","isPartOf":{"@id":"https:\/\/gatewaypartners.eu\/ro\/#website"},"datePublished":"2017-03-13T11:31:36+00:00","dateModified":"2022-02-08T11:43:22+00:00","breadcrumb":{"@id":"https:\/\/gatewaypartners.eu\/ro\/industrii\/industria-electronica-si-automatizare\/#breadcrumb"},"inLanguage":"ro-RO","potentialAction":[{"@type":"ReadAction","target":["https:\/\/gatewaypartners.eu\/ro\/industrii\/industria-electronica-si-automatizare\/"]}]},{"@type":"BreadcrumbList","@id":"https:\/\/gatewaypartners.eu\/ro\/industrii\/industria-electronica-si-automatizare\/#breadcrumb","itemListElement":[{"@type":"ListItem","position":1,"name":"Industrii","item":"https:\/\/gatewaypartners.eu\/ro\/industrii\/"},{"@type":"ListItem","position":2,"name":"Industria Electronic\u0103 \u0219i Automatizare"}]},{"@type":"WebSite","@id":"https:\/\/gatewaypartners.eu\/ro\/#website","url":"https:\/\/gatewaypartners.eu\/ro\/","name":"gatewaypartners.eu\/ro","description":"Punctul t\u0103u de Demarare a Exporturilor.","potentialAction":[{"@type":"SearchAction","target":{"@type":"EntryPoint","urlTemplate":"https:\/\/gatewaypartners.eu\/ro\/?s={search_term_string}"},"query-input":"required name=search_term_string"}],"inLanguage":"ro-RO"}]}},"_links":{"self":[{"href":"https:\/\/gatewaypartners.eu\/ro\/wp-json\/wp\/v2\/pages\/399","targetHints":{"allow":["GET"]}}],"collection":[{"href":"https:\/\/gatewaypartners.eu\/ro\/wp-json\/wp\/v2\/pages"}],"about":[{"href":"https:\/\/gatewaypartners.eu\/ro\/wp-json\/wp\/v2\/types\/page"}],"author":[{"embeddable":true,"href":"https:\/\/gatewaypartners.eu\/ro\/wp-json\/wp\/v2\/users\/3"}],"replies":[{"embeddable":true,"href":"https:\/\/gatewaypartners.eu\/ro\/wp-json\/wp\/v2\/comments?post=399"}],"version-history":[{"count":4,"href":"https:\/\/gatewaypartners.eu\/ro\/wp-json\/wp\/v2\/pages\/399\/revisions"}],"predecessor-version":[{"id":563,"href":"https:\/\/gatewaypartners.eu\/ro\/wp-json\/wp\/v2\/pages\/399\/revisions\/563"}],"up":[{"embeddable":true,"href":"https:\/\/gatewaypartners.eu\/ro\/wp-json\/wp\/v2\/pages\/410"}],"wp:featuredmedia":[{"embeddable":true,"href":"https:\/\/gatewaypartners.eu\/ro\/wp-json\/wp\/v2\/media\/283"}],"wp:attachment":[{"href":"https:\/\/gatewaypartners.eu\/ro\/wp-json\/wp\/v2\/media?parent=399"}],"curies":[{"name":"wp","href":"https:\/\/api.w.org\/{rel}","templated":true}]}}