{"id":403,"date":"2017-03-13T13:37:59","date_gmt":"2017-03-13T11:37:59","guid":{"rendered":"http:\/\/gatewaypartners.eu\/ro\/?page_id=403"},"modified":"2022-02-08T14:42:37","modified_gmt":"2022-02-08T11:42:37","slug":"produse-alimentare-si-bauturi","status":"publish","type":"page","link":"https:\/\/gatewaypartners.eu\/ro\/industrii\/produse-alimentare-si-bauturi\/","title":{"rendered":"Produse Alimentare \u0219i B\u0103uturi"},"content":{"rendered":"","protected":false},"excerpt":{"rendered":"<p>Echipa noastr\u0103 este specializat\u0103 \u00een sectorul produselor alimentare \u0219i al b\u0103uturilor \u00eenc\u0103 de la \u00eenfiin\u021barea noastr\u0103 \u00een 2004. \u00cen aceast\u0103 perioad\u0103 am realizat sute de proiecte \u00een aceast\u0103 industrie, sprijinind afaceri individuale \u0219i grupuri de companii s\u0103 ajung\u0103 pe pie\u021bele din regiune sau mai \u00eendep\u0103rtate, am efectuat cercet\u0103ri de pia\u021b\u0103 \u0219i am adus noi produse \u00een aten\u021bia juc\u0103torilor din retail \u0219i HoReCa.<\/p>\n","protected":false},"author":3,"featured_media":294,"parent":410,"menu_order":3,"comment_status":"closed","ping_status":"closed","template":"template-industry.php","meta":{"inline_featured_image":false,"footnotes":""},"class_list":["post-403","page","type-page","status-publish","has-post-thumbnail","hentry"],"acf":[],"yoast_head":"<!-- This site is optimized with the Yoast SEO plugin v20.2.1 - https:\/\/yoast.com\/wordpress\/plugins\/seo\/ -->\n<title>Produse Alimentare \u0219i B\u0103uturi - gatewaypartners.eu\/ro<\/title>\n<meta name=\"robots\" content=\"index, follow, max-snippet:-1, max-image-preview:large, max-video-preview:-1\" \/>\n<link rel=\"canonical\" href=\"https:\/\/gatewaypartners.eu\/ro\/industrii\/produse-alimentare-si-bauturi\/\" \/>\n<meta property=\"og:locale\" content=\"ro_RO\" \/>\n<meta property=\"og:type\" content=\"article\" \/>\n<meta property=\"og:title\" content=\"Produse Alimentare \u0219i B\u0103uturi - gatewaypartners.eu\/ro\" \/>\n<meta property=\"og:description\" content=\"Echipa noastr\u0103 este specializat\u0103 \u00een sectorul produselor alimentare \u0219i al b\u0103uturilor \u00eenc\u0103 de la \u00eenfiin\u021barea noastr\u0103 \u00een 2004. \u00cen aceast\u0103 perioad\u0103 am realizat sute de proiecte \u00een aceast\u0103 industrie, sprijinind afaceri individuale \u0219i grupuri de companii s\u0103 ajung\u0103 pe pie\u021bele din regiune sau mai \u00eendep\u0103rtate, am efectuat cercet\u0103ri de pia\u021b\u0103 \u0219i am adus noi produse \u00een aten\u021bia juc\u0103torilor din retail \u0219i HoReCa.\" \/>\n<meta property=\"og:url\" content=\"https:\/\/gatewaypartners.eu\/ro\/industrii\/produse-alimentare-si-bauturi\/\" \/>\n<meta property=\"og:site_name\" content=\"gatewaypartners.eu\/ro\" \/>\n<meta property=\"article:modified_time\" content=\"2022-02-08T11:42:37+00:00\" \/>\n<meta property=\"og:image\" content=\"https:\/\/gatewaypartners.eu\/ro\/wp-content\/uploads\/sites\/9\/2017\/03\/Food-supermarket-949912.jpg\" \/>\n\t<meta property=\"og:image:width\" content=\"2048\" \/>\n\t<meta property=\"og:image:height\" content=\"1178\" \/>\n\t<meta property=\"og:image:type\" content=\"image\/jpeg\" \/>\n<meta name=\"twitter:card\" content=\"summary_large_image\" \/>\n<script type=\"application\/ld+json\" class=\"yoast-schema-graph\">{\"@context\":\"https:\/\/schema.org\",\"@graph\":[{\"@type\":\"WebPage\",\"@id\":\"https:\/\/gatewaypartners.eu\/ro\/industrii\/produse-alimentare-si-bauturi\/\",\"url\":\"https:\/\/gatewaypartners.eu\/ro\/industrii\/produse-alimentare-si-bauturi\/\",\"name\":\"Produse Alimentare \u0219i B\u0103uturi - gatewaypartners.eu\/ro\",\"isPartOf\":{\"@id\":\"https:\/\/gatewaypartners.eu\/ro\/#website\"},\"datePublished\":\"2017-03-13T11:37:59+00:00\",\"dateModified\":\"2022-02-08T11:42:37+00:00\",\"breadcrumb\":{\"@id\":\"https:\/\/gatewaypartners.eu\/ro\/industrii\/produse-alimentare-si-bauturi\/#breadcrumb\"},\"inLanguage\":\"ro-RO\",\"potentialAction\":[{\"@type\":\"ReadAction\",\"target\":[\"https:\/\/gatewaypartners.eu\/ro\/industrii\/produse-alimentare-si-bauturi\/\"]}]},{\"@type\":\"BreadcrumbList\",\"@id\":\"https:\/\/gatewaypartners.eu\/ro\/industrii\/produse-alimentare-si-bauturi\/#breadcrumb\",\"itemListElement\":[{\"@type\":\"ListItem\",\"position\":1,\"name\":\"Industrii\",\"item\":\"https:\/\/gatewaypartners.eu\/ro\/industrii\/\"},{\"@type\":\"ListItem\",\"position\":2,\"name\":\"Produse Alimentare \u0219i B\u0103uturi\"}]},{\"@type\":\"WebSite\",\"@id\":\"https:\/\/gatewaypartners.eu\/ro\/#website\",\"url\":\"https:\/\/gatewaypartners.eu\/ro\/\",\"name\":\"gatewaypartners.eu\/ro\",\"description\":\"Punctul t\u0103u de Demarare a Exporturilor.\",\"potentialAction\":[{\"@type\":\"SearchAction\",\"target\":{\"@type\":\"EntryPoint\",\"urlTemplate\":\"https:\/\/gatewaypartners.eu\/ro\/?s={search_term_string}\"},\"query-input\":\"required name=search_term_string\"}],\"inLanguage\":\"ro-RO\"}]}<\/script>\n<!-- \/ Yoast SEO plugin. -->","yoast_head_json":{"title":"Produse Alimentare \u0219i B\u0103uturi - gatewaypartners.eu\/ro","robots":{"index":"index","follow":"follow","max-snippet":"max-snippet:-1","max-image-preview":"max-image-preview:large","max-video-preview":"max-video-preview:-1"},"canonical":"https:\/\/gatewaypartners.eu\/ro\/industrii\/produse-alimentare-si-bauturi\/","og_locale":"ro_RO","og_type":"article","og_title":"Produse Alimentare \u0219i B\u0103uturi - gatewaypartners.eu\/ro","og_description":"Echipa noastr\u0103 este specializat\u0103 \u00een sectorul produselor alimentare \u0219i al b\u0103uturilor \u00eenc\u0103 de la \u00eenfiin\u021barea noastr\u0103 \u00een 2004. \u00cen aceast\u0103 perioad\u0103 am realizat sute de proiecte \u00een aceast\u0103 industrie, sprijinind afaceri individuale \u0219i grupuri de companii s\u0103 ajung\u0103 pe pie\u021bele din regiune sau mai \u00eendep\u0103rtate, am efectuat cercet\u0103ri de pia\u021b\u0103 \u0219i am adus noi produse \u00een aten\u021bia juc\u0103torilor din retail \u0219i HoReCa.","og_url":"https:\/\/gatewaypartners.eu\/ro\/industrii\/produse-alimentare-si-bauturi\/","og_site_name":"gatewaypartners.eu\/ro","article_modified_time":"2022-02-08T11:42:37+00:00","og_image":[{"width":2048,"height":1178,"url":"https:\/\/gatewaypartners.eu\/ro\/wp-content\/uploads\/sites\/9\/2017\/03\/Food-supermarket-949912.jpg","type":"image\/jpeg"}],"twitter_card":"summary_large_image","schema":{"@context":"https:\/\/schema.org","@graph":[{"@type":"WebPage","@id":"https:\/\/gatewaypartners.eu\/ro\/industrii\/produse-alimentare-si-bauturi\/","url":"https:\/\/gatewaypartners.eu\/ro\/industrii\/produse-alimentare-si-bauturi\/","name":"Produse Alimentare \u0219i B\u0103uturi - gatewaypartners.eu\/ro","isPartOf":{"@id":"https:\/\/gatewaypartners.eu\/ro\/#website"},"datePublished":"2017-03-13T11:37:59+00:00","dateModified":"2022-02-08T11:42:37+00:00","breadcrumb":{"@id":"https:\/\/gatewaypartners.eu\/ro\/industrii\/produse-alimentare-si-bauturi\/#breadcrumb"},"inLanguage":"ro-RO","potentialAction":[{"@type":"ReadAction","target":["https:\/\/gatewaypartners.eu\/ro\/industrii\/produse-alimentare-si-bauturi\/"]}]},{"@type":"BreadcrumbList","@id":"https:\/\/gatewaypartners.eu\/ro\/industrii\/produse-alimentare-si-bauturi\/#breadcrumb","itemListElement":[{"@type":"ListItem","position":1,"name":"Industrii","item":"https:\/\/gatewaypartners.eu\/ro\/industrii\/"},{"@type":"ListItem","position":2,"name":"Produse Alimentare \u0219i B\u0103uturi"}]},{"@type":"WebSite","@id":"https:\/\/gatewaypartners.eu\/ro\/#website","url":"https:\/\/gatewaypartners.eu\/ro\/","name":"gatewaypartners.eu\/ro","description":"Punctul t\u0103u de Demarare a Exporturilor.","potentialAction":[{"@type":"SearchAction","target":{"@type":"EntryPoint","urlTemplate":"https:\/\/gatewaypartners.eu\/ro\/?s={search_term_string}"},"query-input":"required name=search_term_string"}],"inLanguage":"ro-RO"}]}},"_links":{"self":[{"href":"https:\/\/gatewaypartners.eu\/ro\/wp-json\/wp\/v2\/pages\/403","targetHints":{"allow":["GET"]}}],"collection":[{"href":"https:\/\/gatewaypartners.eu\/ro\/wp-json\/wp\/v2\/pages"}],"about":[{"href":"https:\/\/gatewaypartners.eu\/ro\/wp-json\/wp\/v2\/types\/page"}],"author":[{"embeddable":true,"href":"https:\/\/gatewaypartners.eu\/ro\/wp-json\/wp\/v2\/users\/3"}],"replies":[{"embeddable":true,"href":"https:\/\/gatewaypartners.eu\/ro\/wp-json\/wp\/v2\/comments?post=403"}],"version-history":[{"count":2,"href":"https:\/\/gatewaypartners.eu\/ro\/wp-json\/wp\/v2\/pages\/403\/revisions"}],"predecessor-version":[{"id":560,"href":"https:\/\/gatewaypartners.eu\/ro\/wp-json\/wp\/v2\/pages\/403\/revisions\/560"}],"up":[{"embeddable":true,"href":"https:\/\/gatewaypartners.eu\/ro\/wp-json\/wp\/v2\/pages\/410"}],"wp:featuredmedia":[{"embeddable":true,"href":"https:\/\/gatewaypartners.eu\/ro\/wp-json\/wp\/v2\/media\/294"}],"wp:attachment":[{"href":"https:\/\/gatewaypartners.eu\/ro\/wp-json\/wp\/v2\/media?parent=403"}],"curies":[{"name":"wp","href":"https:\/\/api.w.org\/{rel}","templated":true}]}}