{"id":405,"date":"2017-03-13T13:40:08","date_gmt":"2017-03-13T11:40:08","guid":{"rendered":"http:\/\/gatewaypartners.eu\/ro\/?page_id=405"},"modified":"2022-02-08T14:42:00","modified_gmt":"2022-02-08T11:42:00","slug":"prelucrarea-metalelor-si-utilaje","status":"publish","type":"page","link":"https:\/\/gatewaypartners.eu\/ro\/industrii\/prelucrarea-metalelor-si-utilaje\/","title":{"rendered":"Prelucrarea Metalelor \u0219i Utilaje"},"content":{"rendered":"","protected":false},"excerpt":{"rendered":"<p>Am realizat numeroase proiecte prin care am reu\u0219it s\u0103 \u00eembun\u0103t\u0103\u021bim pozi\u021bia clien\u021bilor \u00een lan\u021bul de aprovizionare. Colaborarea cu subcontractan\u021bii din industriile auto, utilaje, transport sau construc\u021bii reprezint\u0103 munc\u0103 de rutin\u0103 pentru noi.<\/p>\n","protected":false},"author":3,"featured_media":306,"parent":410,"menu_order":2,"comment_status":"closed","ping_status":"closed","template":"template-industry.php","meta":{"inline_featured_image":false,"footnotes":""},"class_list":["post-405","page","type-page","status-publish","has-post-thumbnail","hentry"],"acf":[],"yoast_head":"<!-- This site is optimized with the Yoast SEO plugin v20.2.1 - https:\/\/yoast.com\/wordpress\/plugins\/seo\/ -->\n<title>Prelucrarea Metalelor \u0219i Utilaje - gatewaypartners.eu\/ro<\/title>\n<meta name=\"robots\" content=\"index, follow, max-snippet:-1, max-image-preview:large, max-video-preview:-1\" \/>\n<link rel=\"canonical\" href=\"https:\/\/gatewaypartners.eu\/ro\/industrii\/prelucrarea-metalelor-si-utilaje\/\" \/>\n<meta property=\"og:locale\" content=\"ro_RO\" \/>\n<meta property=\"og:type\" content=\"article\" \/>\n<meta property=\"og:title\" content=\"Prelucrarea Metalelor \u0219i Utilaje - gatewaypartners.eu\/ro\" \/>\n<meta property=\"og:description\" content=\"Am realizat numeroase proiecte prin care am reu\u0219it s\u0103 \u00eembun\u0103t\u0103\u021bim pozi\u021bia clien\u021bilor \u00een lan\u021bul de aprovizionare. Colaborarea cu subcontractan\u021bii din industriile auto, utilaje, transport sau construc\u021bii reprezint\u0103 munc\u0103 de rutin\u0103 pentru noi.\" \/>\n<meta property=\"og:url\" content=\"https:\/\/gatewaypartners.eu\/ro\/industrii\/prelucrarea-metalelor-si-utilaje\/\" \/>\n<meta property=\"og:site_name\" content=\"gatewaypartners.eu\/ro\" \/>\n<meta property=\"article:modified_time\" content=\"2022-02-08T11:42:00+00:00\" \/>\n<meta property=\"og:image\" content=\"https:\/\/gatewaypartners.eu\/ro\/wp-content\/uploads\/sites\/9\/2017\/03\/Metalworking-drill-444493-2.jpg\" \/>\n\t<meta property=\"og:image:width\" content=\"2048\" \/>\n\t<meta property=\"og:image:height\" content=\"1367\" \/>\n\t<meta property=\"og:image:type\" content=\"image\/jpeg\" \/>\n<meta name=\"twitter:card\" content=\"summary_large_image\" \/>\n<script type=\"application\/ld+json\" class=\"yoast-schema-graph\">{\"@context\":\"https:\/\/schema.org\",\"@graph\":[{\"@type\":\"WebPage\",\"@id\":\"https:\/\/gatewaypartners.eu\/ro\/industrii\/prelucrarea-metalelor-si-utilaje\/\",\"url\":\"https:\/\/gatewaypartners.eu\/ro\/industrii\/prelucrarea-metalelor-si-utilaje\/\",\"name\":\"Prelucrarea Metalelor \u0219i Utilaje - gatewaypartners.eu\/ro\",\"isPartOf\":{\"@id\":\"https:\/\/gatewaypartners.eu\/ro\/#website\"},\"datePublished\":\"2017-03-13T11:40:08+00:00\",\"dateModified\":\"2022-02-08T11:42:00+00:00\",\"breadcrumb\":{\"@id\":\"https:\/\/gatewaypartners.eu\/ro\/industrii\/prelucrarea-metalelor-si-utilaje\/#breadcrumb\"},\"inLanguage\":\"ro-RO\",\"potentialAction\":[{\"@type\":\"ReadAction\",\"target\":[\"https:\/\/gatewaypartners.eu\/ro\/industrii\/prelucrarea-metalelor-si-utilaje\/\"]}]},{\"@type\":\"BreadcrumbList\",\"@id\":\"https:\/\/gatewaypartners.eu\/ro\/industrii\/prelucrarea-metalelor-si-utilaje\/#breadcrumb\",\"itemListElement\":[{\"@type\":\"ListItem\",\"position\":1,\"name\":\"Industrii\",\"item\":\"https:\/\/gatewaypartners.eu\/ro\/industrii\/\"},{\"@type\":\"ListItem\",\"position\":2,\"name\":\"Prelucrarea Metalelor \u0219i Utilaje\"}]},{\"@type\":\"WebSite\",\"@id\":\"https:\/\/gatewaypartners.eu\/ro\/#website\",\"url\":\"https:\/\/gatewaypartners.eu\/ro\/\",\"name\":\"gatewaypartners.eu\/ro\",\"description\":\"Punctul t\u0103u de Demarare a Exporturilor.\",\"potentialAction\":[{\"@type\":\"SearchAction\",\"target\":{\"@type\":\"EntryPoint\",\"urlTemplate\":\"https:\/\/gatewaypartners.eu\/ro\/?s={search_term_string}\"},\"query-input\":\"required name=search_term_string\"}],\"inLanguage\":\"ro-RO\"}]}<\/script>\n<!-- \/ Yoast SEO plugin. -->","yoast_head_json":{"title":"Prelucrarea Metalelor \u0219i Utilaje - gatewaypartners.eu\/ro","robots":{"index":"index","follow":"follow","max-snippet":"max-snippet:-1","max-image-preview":"max-image-preview:large","max-video-preview":"max-video-preview:-1"},"canonical":"https:\/\/gatewaypartners.eu\/ro\/industrii\/prelucrarea-metalelor-si-utilaje\/","og_locale":"ro_RO","og_type":"article","og_title":"Prelucrarea Metalelor \u0219i Utilaje - gatewaypartners.eu\/ro","og_description":"Am realizat numeroase proiecte prin care am reu\u0219it s\u0103 \u00eembun\u0103t\u0103\u021bim pozi\u021bia clien\u021bilor \u00een lan\u021bul de aprovizionare. Colaborarea cu subcontractan\u021bii din industriile auto, utilaje, transport sau construc\u021bii reprezint\u0103 munc\u0103 de rutin\u0103 pentru noi.","og_url":"https:\/\/gatewaypartners.eu\/ro\/industrii\/prelucrarea-metalelor-si-utilaje\/","og_site_name":"gatewaypartners.eu\/ro","article_modified_time":"2022-02-08T11:42:00+00:00","og_image":[{"width":2048,"height":1367,"url":"https:\/\/gatewaypartners.eu\/ro\/wp-content\/uploads\/sites\/9\/2017\/03\/Metalworking-drill-444493-2.jpg","type":"image\/jpeg"}],"twitter_card":"summary_large_image","schema":{"@context":"https:\/\/schema.org","@graph":[{"@type":"WebPage","@id":"https:\/\/gatewaypartners.eu\/ro\/industrii\/prelucrarea-metalelor-si-utilaje\/","url":"https:\/\/gatewaypartners.eu\/ro\/industrii\/prelucrarea-metalelor-si-utilaje\/","name":"Prelucrarea Metalelor \u0219i Utilaje - gatewaypartners.eu\/ro","isPartOf":{"@id":"https:\/\/gatewaypartners.eu\/ro\/#website"},"datePublished":"2017-03-13T11:40:08+00:00","dateModified":"2022-02-08T11:42:00+00:00","breadcrumb":{"@id":"https:\/\/gatewaypartners.eu\/ro\/industrii\/prelucrarea-metalelor-si-utilaje\/#breadcrumb"},"inLanguage":"ro-RO","potentialAction":[{"@type":"ReadAction","target":["https:\/\/gatewaypartners.eu\/ro\/industrii\/prelucrarea-metalelor-si-utilaje\/"]}]},{"@type":"BreadcrumbList","@id":"https:\/\/gatewaypartners.eu\/ro\/industrii\/prelucrarea-metalelor-si-utilaje\/#breadcrumb","itemListElement":[{"@type":"ListItem","position":1,"name":"Industrii","item":"https:\/\/gatewaypartners.eu\/ro\/industrii\/"},{"@type":"ListItem","position":2,"name":"Prelucrarea Metalelor \u0219i Utilaje"}]},{"@type":"WebSite","@id":"https:\/\/gatewaypartners.eu\/ro\/#website","url":"https:\/\/gatewaypartners.eu\/ro\/","name":"gatewaypartners.eu\/ro","description":"Punctul t\u0103u de Demarare a Exporturilor.","potentialAction":[{"@type":"SearchAction","target":{"@type":"EntryPoint","urlTemplate":"https:\/\/gatewaypartners.eu\/ro\/?s={search_term_string}"},"query-input":"required name=search_term_string"}],"inLanguage":"ro-RO"}]}},"_links":{"self":[{"href":"https:\/\/gatewaypartners.eu\/ro\/wp-json\/wp\/v2\/pages\/405","targetHints":{"allow":["GET"]}}],"collection":[{"href":"https:\/\/gatewaypartners.eu\/ro\/wp-json\/wp\/v2\/pages"}],"about":[{"href":"https:\/\/gatewaypartners.eu\/ro\/wp-json\/wp\/v2\/types\/page"}],"author":[{"embeddable":true,"href":"https:\/\/gatewaypartners.eu\/ro\/wp-json\/wp\/v2\/users\/3"}],"replies":[{"embeddable":true,"href":"https:\/\/gatewaypartners.eu\/ro\/wp-json\/wp\/v2\/comments?post=405"}],"version-history":[{"count":2,"href":"https:\/\/gatewaypartners.eu\/ro\/wp-json\/wp\/v2\/pages\/405\/revisions"}],"predecessor-version":[{"id":559,"href":"https:\/\/gatewaypartners.eu\/ro\/wp-json\/wp\/v2\/pages\/405\/revisions\/559"}],"up":[{"embeddable":true,"href":"https:\/\/gatewaypartners.eu\/ro\/wp-json\/wp\/v2\/pages\/410"}],"wp:featuredmedia":[{"embeddable":true,"href":"https:\/\/gatewaypartners.eu\/ro\/wp-json\/wp\/v2\/media\/306"}],"wp:attachment":[{"href":"https:\/\/gatewaypartners.eu\/ro\/wp-json\/wp\/v2\/media?parent=405"}],"curies":[{"name":"wp","href":"https:\/\/api.w.org\/{rel}","templated":true}]}}