{"id":412,"date":"2017-03-13T13:59:19","date_gmt":"2017-03-13T11:59:19","guid":{"rendered":"http:\/\/gatewaypartners.eu\/ro\/?page_id=412"},"modified":"2026-04-08T18:12:29","modified_gmt":"2026-04-08T15:12:29","slug":"despre","status":"publish","type":"page","link":"https:\/\/gatewaypartners.eu\/ro\/despre\/","title":{"rendered":"Despre noi"},"content":{"rendered":"<h2 style=\"text-align: center;\">Despre noi<\/h2>\n<p>Gateway &amp; Partners a fost \u00eenfiin\u021bat\u0103 \u00een 2004 sub denumirea GatewayBaltic \u0219i este specializat\u0103 \u00een dezvoltarea interna\u021bional\u0103 a exportatorilor locali. Misiunea noastr\u0103 este de a da un impuls v\u00e2nz\u0103rilor la export prin recomandarea clien\u021bilor no\u0219tri a unor pie\u021be noi \u0219i de a furniza informa\u021bii vitale privind situa\u021bia pie\u021belor. De-a lungul anilor, am realizat proiecte pentru mai mult de 1000 de clien\u021bi din diferite industrii. Clien\u021bii no\u0219tri sunt exportatori locali individuali, agen\u021bii de promovare a comer\u021bului \u0219i clustere. Ac\u021bion\u0103m \u00een orice pia\u021b\u0103 vizat\u0103 de exportator, de la \u021b\u0103rile nordice \u0219i Europa p\u00e2n\u0103 \u00een Mexic \u0219i China.<\/p>\n<p>Gateway &amp; Partners se bucur\u0103 de \u00eencrederea mai multor organiza\u021bii de promovare a comer\u021bului, cum ar fi Innovation Norway, Enterprise Estonia, Banca Mondial\u0103, Agen\u021bia Leton\u0103 pentru Investi\u021bii \u0219i Dezvoltare, Agen\u021bia de Promovare a Investi\u021biilor \u0219i a Exporturilor din Moldova, Enterprise Ireland, Enterprise Lithuania \u0219i Enterprise Georgia, precum \u0219i clusterul de articole pentru g\u0103tit din Turcia, Asocia\u021bia de textile din Turcia, clusterul Electric din Turcia, etc.<\/p>\n<p>\u00cen acest moment suntem o re\u021bea de profesioni\u0219ti specializa\u021bi \u00een studierea pie\u021belor din diverse \u021b\u0103ri, califica\u021bi s\u0103 ofere perspective asupra pie\u021belor \u0219i asisten\u021b\u0103 profesional\u0103.<\/p>\n<p>Ast\u0103zi ne putem numi The Export Powerhouse.<\/p>\n","protected":false},"excerpt":{"rendered":"<p>Pasiunea Noastr\u0103 este Cre\u0219terea V\u00e2nz\u0103rilor Interna\u021bionale. Contribuim la consolidarea v\u00e2nz\u0103rilor interna\u021bionale ale clien\u021bilor no\u0219tri datorit\u0103 competen\u021bei, echipei \u0219i re\u021belei noastre.<\/p>\n","protected":false},"author":3,"featured_media":270,"parent":0,"menu_order":0,"comment_status":"closed","ping_status":"closed","template":"template-about.php","meta":{"inline_featured_image":false,"footnotes":""},"class_list":["post-412","page","type-page","status-publish","has-post-thumbnail","hentry"],"acf":[],"yoast_head":"<!-- This site is optimized with the Yoast SEO plugin v20.2.1 - https:\/\/yoast.com\/wordpress\/plugins\/seo\/ -->\n<title>Despre noi - gatewaypartners.eu\/ro<\/title>\n<meta name=\"robots\" content=\"index, follow, max-snippet:-1, max-image-preview:large, max-video-preview:-1\" \/>\n<link rel=\"canonical\" href=\"https:\/\/gatewaypartners.eu\/ro\/despre\/\" \/>\n<meta property=\"og:locale\" content=\"ro_RO\" \/>\n<meta property=\"og:type\" content=\"article\" \/>\n<meta property=\"og:title\" content=\"Despre noi - gatewaypartners.eu\/ro\" \/>\n<meta property=\"og:description\" content=\"Pasiunea Noastr\u0103 este Cre\u0219terea V\u00e2nz\u0103rilor Interna\u021bionale. Contribuim la consolidarea v\u00e2nz\u0103rilor interna\u021bionale ale clien\u021bilor no\u0219tri datorit\u0103 competen\u021bei, echipei \u0219i re\u021belei noastre.\" \/>\n<meta property=\"og:url\" content=\"https:\/\/gatewaypartners.eu\/ro\/despre\/\" \/>\n<meta property=\"og:site_name\" content=\"gatewaypartners.eu\/ro\" \/>\n<meta property=\"article:modified_time\" content=\"2026-04-08T15:12:29+00:00\" \/>\n<meta property=\"og:image\" content=\"https:\/\/gatewaypartners.eu\/ro\/wp-content\/uploads\/sites\/9\/2017\/03\/airport-about.jpg\" \/>\n\t<meta property=\"og:image:width\" content=\"2048\" \/>\n\t<meta property=\"og:image:height\" content=\"1396\" \/>\n\t<meta property=\"og:image:type\" content=\"image\/jpeg\" \/>\n<meta name=\"twitter:card\" content=\"summary_large_image\" \/>\n<script type=\"application\/ld+json\" class=\"yoast-schema-graph\">{\"@context\":\"https:\/\/schema.org\",\"@graph\":[{\"@type\":\"WebPage\",\"@id\":\"https:\/\/gatewaypartners.eu\/ro\/despre\/\",\"url\":\"https:\/\/gatewaypartners.eu\/ro\/despre\/\",\"name\":\"Despre noi - gatewaypartners.eu\/ro\",\"isPartOf\":{\"@id\":\"https:\/\/gatewaypartners.eu\/ro\/#website\"},\"datePublished\":\"2017-03-13T11:59:19+00:00\",\"dateModified\":\"2026-04-08T15:12:29+00:00\",\"inLanguage\":\"ro-RO\",\"potentialAction\":[{\"@type\":\"ReadAction\",\"target\":[\"https:\/\/gatewaypartners.eu\/ro\/despre\/\"]}]},{\"@type\":\"WebSite\",\"@id\":\"https:\/\/gatewaypartners.eu\/ro\/#website\",\"url\":\"https:\/\/gatewaypartners.eu\/ro\/\",\"name\":\"gatewaypartners.eu\/ro\",\"description\":\"Punctul t\u0103u de Demarare a Exporturilor.\",\"potentialAction\":[{\"@type\":\"SearchAction\",\"target\":{\"@type\":\"EntryPoint\",\"urlTemplate\":\"https:\/\/gatewaypartners.eu\/ro\/?s={search_term_string}\"},\"query-input\":\"required name=search_term_string\"}],\"inLanguage\":\"ro-RO\"}]}<\/script>\n<!-- \/ Yoast SEO plugin. -->","yoast_head_json":{"title":"Despre noi - gatewaypartners.eu\/ro","robots":{"index":"index","follow":"follow","max-snippet":"max-snippet:-1","max-image-preview":"max-image-preview:large","max-video-preview":"max-video-preview:-1"},"canonical":"https:\/\/gatewaypartners.eu\/ro\/despre\/","og_locale":"ro_RO","og_type":"article","og_title":"Despre noi - gatewaypartners.eu\/ro","og_description":"Pasiunea Noastr\u0103 este Cre\u0219terea V\u00e2nz\u0103rilor Interna\u021bionale. Contribuim la consolidarea v\u00e2nz\u0103rilor interna\u021bionale ale clien\u021bilor no\u0219tri datorit\u0103 competen\u021bei, echipei \u0219i re\u021belei noastre.","og_url":"https:\/\/gatewaypartners.eu\/ro\/despre\/","og_site_name":"gatewaypartners.eu\/ro","article_modified_time":"2026-04-08T15:12:29+00:00","og_image":[{"width":2048,"height":1396,"url":"https:\/\/gatewaypartners.eu\/ro\/wp-content\/uploads\/sites\/9\/2017\/03\/airport-about.jpg","type":"image\/jpeg"}],"twitter_card":"summary_large_image","schema":{"@context":"https:\/\/schema.org","@graph":[{"@type":"WebPage","@id":"https:\/\/gatewaypartners.eu\/ro\/despre\/","url":"https:\/\/gatewaypartners.eu\/ro\/despre\/","name":"Despre noi - gatewaypartners.eu\/ro","isPartOf":{"@id":"https:\/\/gatewaypartners.eu\/ro\/#website"},"datePublished":"2017-03-13T11:59:19+00:00","dateModified":"2026-04-08T15:12:29+00:00","inLanguage":"ro-RO","potentialAction":[{"@type":"ReadAction","target":["https:\/\/gatewaypartners.eu\/ro\/despre\/"]}]},{"@type":"WebSite","@id":"https:\/\/gatewaypartners.eu\/ro\/#website","url":"https:\/\/gatewaypartners.eu\/ro\/","name":"gatewaypartners.eu\/ro","description":"Punctul t\u0103u de Demarare a Exporturilor.","potentialAction":[{"@type":"SearchAction","target":{"@type":"EntryPoint","urlTemplate":"https:\/\/gatewaypartners.eu\/ro\/?s={search_term_string}"},"query-input":"required name=search_term_string"}],"inLanguage":"ro-RO"}]}},"_links":{"self":[{"href":"https:\/\/gatewaypartners.eu\/ro\/wp-json\/wp\/v2\/pages\/412","targetHints":{"allow":["GET"]}}],"collection":[{"href":"https:\/\/gatewaypartners.eu\/ro\/wp-json\/wp\/v2\/pages"}],"about":[{"href":"https:\/\/gatewaypartners.eu\/ro\/wp-json\/wp\/v2\/types\/page"}],"author":[{"embeddable":true,"href":"https:\/\/gatewaypartners.eu\/ro\/wp-json\/wp\/v2\/users\/3"}],"replies":[{"embeddable":true,"href":"https:\/\/gatewaypartners.eu\/ro\/wp-json\/wp\/v2\/comments?post=412"}],"version-history":[{"count":45,"href":"https:\/\/gatewaypartners.eu\/ro\/wp-json\/wp\/v2\/pages\/412\/revisions"}],"predecessor-version":[{"id":993,"href":"https:\/\/gatewaypartners.eu\/ro\/wp-json\/wp\/v2\/pages\/412\/revisions\/993"}],"wp:featuredmedia":[{"embeddable":true,"href":"https:\/\/gatewaypartners.eu\/ro\/wp-json\/wp\/v2\/media\/270"}],"wp:attachment":[{"href":"https:\/\/gatewaypartners.eu\/ro\/wp-json\/wp\/v2\/media?parent=412"}],"curies":[{"name":"wp","href":"https:\/\/api.w.org\/{rel}","templated":true}]}}