{"id":414,"date":"2017-03-13T14:09:44","date_gmt":"2017-03-13T12:09:44","guid":{"rendered":"http:\/\/gatewaypartners.eu\/ro\/?page_id=414"},"modified":"2024-11-15T16:36:21","modified_gmt":"2024-11-15T13:36:21","slug":"cariere","status":"publish","type":"page","link":"https:\/\/gatewaypartners.eu\/ro\/cariere\/","title":{"rendered":"Cariere"},"content":{"rendered":"<p>Echipa Gateway &amp; Partners este alc\u0103tuit\u0103 din oameni foarte motiva\u021bi, energici, excelen\u021bi cunosc\u0103tori ai mediului de pia\u021b\u0103 interna\u021bional, determina\u021bi s\u0103 asigure dezvoltarea clien\u021bilor no\u0219tri! Prin aderarea la echipa noastr\u0103 de tineri profesioni\u0219ti ve\u021bi urm\u0103ri comer\u021bul interna\u021bional \u00een ac\u021biune, ob\u021bin\u00e2nd preg\u0103tire \u0219i experien\u021b\u0103 \u00eentr-un mediu dinamic \u0219i prietenos.<\/p>\n<p>Munca \u00een mijlocul Gateway &amp; Partners \u00eenseamn\u0103:<\/p>\n<ul>\n<li>Curb\u0103 de \u00eenv\u0103\u021bare abrupt\u0103 a industriilor \u0219i a pie\u021belor<\/li>\n<li>Munc\u0103 de echip\u0103 cu feedback instant \u0219i coaching<\/li>\n<li>Oportunit\u0103\u021bi de dezvoltare profesional\u0103 \u0219i personal\u0103<\/li>\n<li>C\u0103l\u0103torii de afaceri \u00een str\u0103in\u0103tate<\/li>\n<li>Valori de familie &#8211; suport, \u00eencredere, respect, loialitate \u0219i distrac\u021bie<\/li>\n<li>\u00cenceput perfect de s\u0103pt\u0103m\u00e2n\u0103 \u2013 \u0219edin\u021be \u00een zilele de luni \u00een cadrul unui mic dejun al\u0103turi de colegi<\/li>\n<\/ul>\n<p>Suntem mereu \u00een c\u0103utare de oameni cu idei avansate. Al\u0103tur\u0103-te echipei noastre pentru un job full-time, part-time sau proiecte freelance!<\/p>\n","protected":false},"excerpt":{"rendered":"<p>Dac\u0103 e\u0219ti interesat de afaceri interna\u021bionale \u0219i e\u0219ti preg\u0103tit pentru o curb\u0103 de \u00eenv\u0103\u021bare abrupt\u0103, al\u0103tur\u0103-te echipei noastre!<\/p>\n","protected":false},"author":3,"featured_media":247,"parent":0,"menu_order":0,"comment_status":"closed","ping_status":"closed","template":"template-careers.php","meta":{"inline_featured_image":false,"footnotes":""},"class_list":["post-414","page","type-page","status-publish","has-post-thumbnail","hentry"],"acf":[],"yoast_head":"<!-- This site is optimized with the Yoast SEO plugin v20.2.1 - https:\/\/yoast.com\/wordpress\/plugins\/seo\/ -->\n<title>Cariere - gatewaypartners.eu\/ro<\/title>\n<meta name=\"robots\" content=\"index, follow, max-snippet:-1, max-image-preview:large, max-video-preview:-1\" \/>\n<link rel=\"canonical\" href=\"https:\/\/gatewaypartners.eu\/ro\/cariere\/\" \/>\n<meta property=\"og:locale\" content=\"ro_RO\" \/>\n<meta property=\"og:type\" content=\"article\" \/>\n<meta property=\"og:title\" content=\"Cariere - gatewaypartners.eu\/ro\" \/>\n<meta property=\"og:description\" content=\"Dac\u0103 e\u0219ti interesat de afaceri interna\u021bionale \u0219i e\u0219ti preg\u0103tit pentru o curb\u0103 de \u00eenv\u0103\u021bare abrupt\u0103, al\u0103tur\u0103-te echipei noastre!\" \/>\n<meta property=\"og:url\" content=\"https:\/\/gatewaypartners.eu\/ro\/cariere\/\" \/>\n<meta property=\"og:site_name\" content=\"gatewaypartners.eu\/ro\" \/>\n<meta property=\"article:modified_time\" content=\"2024-11-15T13:36:21+00:00\" \/>\n<meta property=\"og:image\" content=\"https:\/\/gatewaypartners.eu\/ro\/wp-content\/uploads\/sites\/9\/2017\/03\/airport-1937761_1280.jpg\" \/>\n\t<meta property=\"og:image:width\" content=\"1280\" \/>\n\t<meta property=\"og:image:height\" content=\"640\" \/>\n\t<meta property=\"og:image:type\" content=\"image\/jpeg\" \/>\n<meta name=\"twitter:card\" content=\"summary_large_image\" \/>\n<script type=\"application\/ld+json\" class=\"yoast-schema-graph\">{\"@context\":\"https:\/\/schema.org\",\"@graph\":[{\"@type\":\"WebPage\",\"@id\":\"https:\/\/gatewaypartners.eu\/ro\/cariere\/\",\"url\":\"https:\/\/gatewaypartners.eu\/ro\/cariere\/\",\"name\":\"Cariere - gatewaypartners.eu\/ro\",\"isPartOf\":{\"@id\":\"https:\/\/gatewaypartners.eu\/ro\/#website\"},\"datePublished\":\"2017-03-13T12:09:44+00:00\",\"dateModified\":\"2024-11-15T13:36:21+00:00\",\"inLanguage\":\"ro-RO\",\"potentialAction\":[{\"@type\":\"ReadAction\",\"target\":[\"https:\/\/gatewaypartners.eu\/ro\/cariere\/\"]}]},{\"@type\":\"WebSite\",\"@id\":\"https:\/\/gatewaypartners.eu\/ro\/#website\",\"url\":\"https:\/\/gatewaypartners.eu\/ro\/\",\"name\":\"gatewaypartners.eu\/ro\",\"description\":\"Punctul t\u0103u de Demarare a Exporturilor.\",\"potentialAction\":[{\"@type\":\"SearchAction\",\"target\":{\"@type\":\"EntryPoint\",\"urlTemplate\":\"https:\/\/gatewaypartners.eu\/ro\/?s={search_term_string}\"},\"query-input\":\"required name=search_term_string\"}],\"inLanguage\":\"ro-RO\"}]}<\/script>\n<!-- \/ Yoast SEO plugin. -->","yoast_head_json":{"title":"Cariere - gatewaypartners.eu\/ro","robots":{"index":"index","follow":"follow","max-snippet":"max-snippet:-1","max-image-preview":"max-image-preview:large","max-video-preview":"max-video-preview:-1"},"canonical":"https:\/\/gatewaypartners.eu\/ro\/cariere\/","og_locale":"ro_RO","og_type":"article","og_title":"Cariere - gatewaypartners.eu\/ro","og_description":"Dac\u0103 e\u0219ti interesat de afaceri interna\u021bionale \u0219i e\u0219ti preg\u0103tit pentru o curb\u0103 de \u00eenv\u0103\u021bare abrupt\u0103, al\u0103tur\u0103-te echipei noastre!","og_url":"https:\/\/gatewaypartners.eu\/ro\/cariere\/","og_site_name":"gatewaypartners.eu\/ro","article_modified_time":"2024-11-15T13:36:21+00:00","og_image":[{"width":1280,"height":640,"url":"https:\/\/gatewaypartners.eu\/ro\/wp-content\/uploads\/sites\/9\/2017\/03\/airport-1937761_1280.jpg","type":"image\/jpeg"}],"twitter_card":"summary_large_image","schema":{"@context":"https:\/\/schema.org","@graph":[{"@type":"WebPage","@id":"https:\/\/gatewaypartners.eu\/ro\/cariere\/","url":"https:\/\/gatewaypartners.eu\/ro\/cariere\/","name":"Cariere - gatewaypartners.eu\/ro","isPartOf":{"@id":"https:\/\/gatewaypartners.eu\/ro\/#website"},"datePublished":"2017-03-13T12:09:44+00:00","dateModified":"2024-11-15T13:36:21+00:00","inLanguage":"ro-RO","potentialAction":[{"@type":"ReadAction","target":["https:\/\/gatewaypartners.eu\/ro\/cariere\/"]}]},{"@type":"WebSite","@id":"https:\/\/gatewaypartners.eu\/ro\/#website","url":"https:\/\/gatewaypartners.eu\/ro\/","name":"gatewaypartners.eu\/ro","description":"Punctul t\u0103u de Demarare a Exporturilor.","potentialAction":[{"@type":"SearchAction","target":{"@type":"EntryPoint","urlTemplate":"https:\/\/gatewaypartners.eu\/ro\/?s={search_term_string}"},"query-input":"required name=search_term_string"}],"inLanguage":"ro-RO"}]}},"_links":{"self":[{"href":"https:\/\/gatewaypartners.eu\/ro\/wp-json\/wp\/v2\/pages\/414","targetHints":{"allow":["GET"]}}],"collection":[{"href":"https:\/\/gatewaypartners.eu\/ro\/wp-json\/wp\/v2\/pages"}],"about":[{"href":"https:\/\/gatewaypartners.eu\/ro\/wp-json\/wp\/v2\/types\/page"}],"author":[{"embeddable":true,"href":"https:\/\/gatewaypartners.eu\/ro\/wp-json\/wp\/v2\/users\/3"}],"replies":[{"embeddable":true,"href":"https:\/\/gatewaypartners.eu\/ro\/wp-json\/wp\/v2\/comments?post=414"}],"version-history":[{"count":9,"href":"https:\/\/gatewaypartners.eu\/ro\/wp-json\/wp\/v2\/pages\/414\/revisions"}],"predecessor-version":[{"id":982,"href":"https:\/\/gatewaypartners.eu\/ro\/wp-json\/wp\/v2\/pages\/414\/revisions\/982"}],"wp:featuredmedia":[{"embeddable":true,"href":"https:\/\/gatewaypartners.eu\/ro\/wp-json\/wp\/v2\/media\/247"}],"wp:attachment":[{"href":"https:\/\/gatewaypartners.eu\/ro\/wp-json\/wp\/v2\/media?parent=414"}],"curies":[{"name":"wp","href":"https:\/\/api.w.org\/{rel}","templated":true}]}}